{"id":83,"date":"2023-03-22T11:58:08","date_gmt":"2023-03-22T10:58:08","guid":{"rendered":"https:\/\/www.oshrychnov.cz\/pohl\/?page_id=83"},"modified":"2026-03-07T19:12:58","modified_gmt":"2026-03-07T18:12:58","slug":"dokumenty","status":"publish","type":"page","link":"https:\/\/www.oshrychnov.cz\/pohl\/index.php\/dokumenty\/","title":{"rendered":"Dokumenty"},"content":{"rendered":"\r\n<h2><span style=\"color: #003300;\"><em><mark class=\"has-inline-color has-contrast-color\" style=\"background-color: var(--base-3);\">Zde naleznete v\u0161echny pot\u0159ebn\u00e9 dokumenty pro \u00fa\u010dast v lize.<\/mark><\/em><\/span><\/h2>\r\n<p>&nbsp;<\/p>\r\n<p>\r\n\r\n<\/p>\r\n<h3><a href=\"https:\/\/www.oshrychnov.cz\/pohl\/wp-content\/uploads\/2025\/01\/Prihlaska-POHL.pdf\">P\u0159ihl\u00e1\u0161ka Podorlick\u00e1 hasi\u010dsk\u00e1 liga 2025<\/a><\/h3>\r\n<h3><strong><em>\u21d1P\u0159ihl\u00e1\u0161ka ke sta\u017een\u00ed ZDE\u21d1<\/em><\/strong><\/h3>\r\n<hr \/>\r\n<h3><strong><a href=\"https:\/\/www.oshrychnov.cz\/pohl\/wp-content\/uploads\/2025\/01\/Zapujcni-listky.pdf\">Z\u00e1p\u016fj\u010dn\u00ed l\u00edstek Podorlik\u00e1 hasi\u010dsk\u00e1 liga<\/a><\/strong><\/h3>\r\n<h3><strong><em>\u21d1Z\u00e1p\u016fj\u010dn\u00ed l\u00edstek ke sta\u017een\u00ed ZDE\u21d1<\/em><\/strong><\/h3>\r\n<hr \/>\r\n<h3><a href=\"https:\/\/www.oshrychnov.cz\/pohl\/wp-content\/uploads\/2026\/03\/Pravidla-POHL-2026-7.3.2026.pdf\">Pravidla POHL 2026<\/a><\/h3>\r\n<h3>\u21d1Pravidla ke sta\u017een\u00ed ZDE\u21d1<\/h3>\r\n<hr \/>\r\n<h3><strong><a href=\"https:\/\/www.oshrychnov.cz\/pohl\/wp-content\/uploads\/2023\/12\/ZAZNAM-O-URAZU-Podorlicka-hasicska-liga.pdf\">Z\u00c1ZN\u00c1M O \u00daRAZU Podorlick\u00e1 hasi\u010dsk\u00e1 liga<\/a><\/strong><\/h3>\r\n<h3>\u21d1Z\u00e1znam o \u00farazu ke sta\u017een\u00ed ZDE<\/h3>\r\n<hr \/>\r\n<p><a href=\"https:\/\/www.oshrychnov.cz\/pohl\/wp-content\/uploads\/2025\/01\/Povinnosti-Poradatele-2025.pdf\">Povinnosti Po\u0159adatele 2026<\/a><\/p>\r\n<h3>\u21d1Povinnosti po\u0159adatele ke sta\u017een\u00ed zde\u21d1<\/h3>\r\n<hr \/>\r\n<p><a href=\"https:\/\/www.oshrychnov.cz\/pohl\/wp-content\/uploads\/2025\/01\/Statut-Rady-POHL.pdf\">Statut Rady POHL<\/a><\/p>\r\n<h3>\u21d1SATUT RADY Podorlick\u00e9 hasi\u010dsk\u00e9 ligy ke sta\u017een\u00ed zde\u21d1<\/h3>\r\n<hr \/>\r\n<p>&nbsp;<\/p>\r\n<p>&nbsp;<\/p>\r\n","protected":false},"excerpt":{"rendered":"<p>Zde naleznete v\u0161echny pot\u0159ebn\u00e9 dokumenty pro \u00fa\u010dast v lize. &nbsp; P\u0159ihl\u00e1\u0161ka Podorlick\u00e1 hasi\u010dsk\u00e1 liga 2025 \u21d1P\u0159ihl\u00e1\u0161ka ke sta\u017een\u00ed ZDE\u21d1 Z\u00e1p\u016fj\u010dn\u00ed l\u00edstek Podorlik\u00e1 hasi\u010dsk\u00e1 liga \u21d1Z\u00e1p\u016fj\u010dn\u00ed l\u00edstek ke sta\u017een\u00ed ZDE\u21d1 Pravidla POHL 2026 \u21d1Pravidla ke sta\u017een\u00ed ZDE\u21d1 Z\u00c1ZN\u00c1M O \u00daRAZU Podorlick\u00e1 hasi\u010dsk\u00e1 liga \u21d1Z\u00e1znam o \u00farazu ke sta\u017een\u00ed ZDE Povinnosti Po\u0159adatele 2026 \u21d1Povinnosti po\u0159adatele ke sta\u017een\u00ed &#8230; <a title=\"Dokumenty\" class=\"read-more\" href=\"https:\/\/www.oshrychnov.cz\/pohl\/index.php\/dokumenty\/\" aria-label=\"Read more about Dokumenty\">\u010c\u00edst d\u00e1l<\/a><\/p>\n","protected":false},"author":1,"featured_media":0,"parent":0,"menu_order":0,"comment_status":"closed","ping_status":"closed","template":"","meta":{"_monsterinsights_skip_tracking":false,"_monsterinsights_sitenote_active":false,"_monsterinsights_sitenote_note":"","_monsterinsights_sitenote_category":0,"footnotes":""},"class_list":["post-83","page","type-page","status-publish"],"yoast_head":"<!-- This site is optimized with the Yoast SEO plugin v26.8 - https:\/\/yoast.com\/product\/yoast-seo-wordpress\/ -->\n<title>Dokumenty - Podorlick\u00e1 hasi\u010dsk\u00e1 liga<\/title>\n<meta name=\"description\" content=\"Dokumenty pot\u0159ebn\u00e9 pro \u00fa\u010dast v Podorlick\u00e9 hasi\u010dsk\u00e9 lize. Najdete zde aktu\u00e1ln\u00ed pravidla pro dan\u00fd ro\u010dn\u00edk, p\u0159\u00edhl\u00e1\u0161ku pro t\u00fdm a z\u00e1p\u016fj\u010dn\u00ed l\u00edstky.\" \/>\n<meta name=\"robots\" content=\"index, follow, max-snippet:-1, max-image-preview:large, max-video-preview:-1\" \/>\n<link rel=\"canonical\" href=\"https:\/\/www.oshrychnov.cz\/pohl\/index.php\/dokumenty\/\" \/>\n<meta property=\"og:locale\" content=\"cs_CZ\" \/>\n<meta property=\"og:type\" content=\"article\" \/>\n<meta property=\"og:title\" content=\"Dokumenty - Podorlick\u00e1 hasi\u010dsk\u00e1 liga\" \/>\n<meta property=\"og:description\" content=\"Dokumenty pot\u0159ebn\u00e9 pro \u00fa\u010dast v Podorlick\u00e9 hasi\u010dsk\u00e9 lize. Najdete zde aktu\u00e1ln\u00ed pravidla pro dan\u00fd ro\u010dn\u00edk, p\u0159\u00edhl\u00e1\u0161ku pro t\u00fdm a z\u00e1p\u016fj\u010dn\u00ed l\u00edstky.\" \/>\n<meta property=\"og:url\" content=\"https:\/\/www.oshrychnov.cz\/pohl\/index.php\/dokumenty\/\" \/>\n<meta property=\"og:site_name\" content=\"Podorlick\u00e1 hasi\u010dsk\u00e1 liga\" \/>\n<meta property=\"article:modified_time\" content=\"2026-03-07T18:12:58+00:00\" \/>\n<meta name=\"twitter:card\" content=\"summary_large_image\" \/>\n<meta name=\"twitter:label1\" content=\"Odhadovan\u00e1 doba \u010dten\u00ed\" \/>\n\t<meta name=\"twitter:data1\" content=\"1 minuta\" \/>\n<script type=\"application\/ld+json\" class=\"yoast-schema-graph\">{\"@context\":\"https:\/\/schema.org\",\"@graph\":[{\"@type\":[\"Article\",\"SocialMediaPosting\"],\"@id\":\"https:\/\/www.oshrychnov.cz\/pohl\/index.php\/dokumenty\/#article\",\"isPartOf\":{\"@id\":\"https:\/\/www.oshrychnov.cz\/pohl\/index.php\/dokumenty\/\"},\"author\":{\"name\":\"ReichrtK\",\"@id\":\"https:\/\/www.oshrychnov.cz\/pohl\/#\/schema\/person\/053b5216aa93c47833e6f1d1a28ed8e0\"},\"headline\":\"Dokumenty\",\"datePublished\":\"2023-03-22T10:58:08+00:00\",\"dateModified\":\"2026-03-07T18:12:58+00:00\",\"mainEntityOfPage\":{\"@id\":\"https:\/\/www.oshrychnov.cz\/pohl\/index.php\/dokumenty\/\"},\"wordCount\":96,\"inLanguage\":\"cs\"},{\"@type\":\"WebPage\",\"@id\":\"https:\/\/www.oshrychnov.cz\/pohl\/index.php\/dokumenty\/\",\"url\":\"https:\/\/www.oshrychnov.cz\/pohl\/index.php\/dokumenty\/\",\"name\":\"Dokumenty - Podorlick\u00e1 hasi\u010dsk\u00e1 liga\",\"isPartOf\":{\"@id\":\"https:\/\/www.oshrychnov.cz\/pohl\/#website\"},\"datePublished\":\"2023-03-22T10:58:08+00:00\",\"dateModified\":\"2026-03-07T18:12:58+00:00\",\"description\":\"Dokumenty pot\u0159ebn\u00e9 pro \u00fa\u010dast v Podorlick\u00e9 hasi\u010dsk\u00e9 lize. Najdete zde aktu\u00e1ln\u00ed pravidla pro dan\u00fd ro\u010dn\u00edk, p\u0159\u00edhl\u00e1\u0161ku pro t\u00fdm a z\u00e1p\u016fj\u010dn\u00ed l\u00edstky.\",\"breadcrumb\":{\"@id\":\"https:\/\/www.oshrychnov.cz\/pohl\/index.php\/dokumenty\/#breadcrumb\"},\"inLanguage\":\"cs\",\"potentialAction\":[{\"@type\":\"ReadAction\",\"target\":[\"https:\/\/www.oshrychnov.cz\/pohl\/index.php\/dokumenty\/\"]}]},{\"@type\":\"BreadcrumbList\",\"@id\":\"https:\/\/www.oshrychnov.cz\/pohl\/index.php\/dokumenty\/#breadcrumb\",\"itemListElement\":[{\"@type\":\"ListItem\",\"position\":1,\"name\":\"Home\",\"item\":\"https:\/\/www.oshrychnov.cz\/pohl\/\"},{\"@type\":\"ListItem\",\"position\":2,\"name\":\"Dokumenty\"}]},{\"@type\":\"WebSite\",\"@id\":\"https:\/\/www.oshrychnov.cz\/pohl\/#website\",\"url\":\"https:\/\/www.oshrychnov.cz\/pohl\/\",\"name\":\"Podorlick\u00e1 hasi\u010dsk\u00e1 liga\",\"description\":\"Seri\u00e1l sout\u011b\u017e\u00ed v po\u017e\u00e1rn\u00edm \u00fatoku\",\"potentialAction\":[{\"@type\":\"SearchAction\",\"target\":{\"@type\":\"EntryPoint\",\"urlTemplate\":\"https:\/\/www.oshrychnov.cz\/pohl\/?s={search_term_string}\"},\"query-input\":{\"@type\":\"PropertyValueSpecification\",\"valueRequired\":true,\"valueName\":\"search_term_string\"}}],\"inLanguage\":\"cs\"},{\"@type\":\"Person\",\"@id\":\"https:\/\/www.oshrychnov.cz\/pohl\/#\/schema\/person\/053b5216aa93c47833e6f1d1a28ed8e0\",\"name\":\"ReichrtK\",\"image\":{\"@type\":\"ImageObject\",\"inLanguage\":\"cs\",\"@id\":\"https:\/\/www.oshrychnov.cz\/pohl\/#\/schema\/person\/image\/\",\"url\":\"https:\/\/secure.gravatar.com\/avatar\/3a1741b129cd4a5f8e2b9d45c960d8b9?s=96&d=mm&r=g\",\"contentUrl\":\"https:\/\/secure.gravatar.com\/avatar\/3a1741b129cd4a5f8e2b9d45c960d8b9?s=96&d=mm&r=g\",\"caption\":\"ReichrtK\"},\"sameAs\":[\"https:\/\/www.oshrychnov.cz\/pohl\"],\"url\":\"https:\/\/www.oshrychnov.cz\/pohl\/index.php\/author\/reichrtk\/\"}]}<\/script>\n<!-- \/ Yoast SEO plugin. -->","yoast_head_json":{"title":"Dokumenty - Podorlick\u00e1 hasi\u010dsk\u00e1 liga","description":"Dokumenty pot\u0159ebn\u00e9 pro \u00fa\u010dast v Podorlick\u00e9 hasi\u010dsk\u00e9 lize. Najdete zde aktu\u00e1ln\u00ed pravidla pro dan\u00fd ro\u010dn\u00edk, p\u0159\u00edhl\u00e1\u0161ku pro t\u00fdm a z\u00e1p\u016fj\u010dn\u00ed l\u00edstky.","robots":{"index":"index","follow":"follow","max-snippet":"max-snippet:-1","max-image-preview":"max-image-preview:large","max-video-preview":"max-video-preview:-1"},"canonical":"https:\/\/www.oshrychnov.cz\/pohl\/index.php\/dokumenty\/","og_locale":"cs_CZ","og_type":"article","og_title":"Dokumenty - Podorlick\u00e1 hasi\u010dsk\u00e1 liga","og_description":"Dokumenty pot\u0159ebn\u00e9 pro \u00fa\u010dast v Podorlick\u00e9 hasi\u010dsk\u00e9 lize. Najdete zde aktu\u00e1ln\u00ed pravidla pro dan\u00fd ro\u010dn\u00edk, p\u0159\u00edhl\u00e1\u0161ku pro t\u00fdm a z\u00e1p\u016fj\u010dn\u00ed l\u00edstky.","og_url":"https:\/\/www.oshrychnov.cz\/pohl\/index.php\/dokumenty\/","og_site_name":"Podorlick\u00e1 hasi\u010dsk\u00e1 liga","article_modified_time":"2026-03-07T18:12:58+00:00","twitter_card":"summary_large_image","twitter_misc":{"Odhadovan\u00e1 doba \u010dten\u00ed":"1 minuta"},"schema":{"@context":"https:\/\/schema.org","@graph":[{"@type":["Article","SocialMediaPosting"],"@id":"https:\/\/www.oshrychnov.cz\/pohl\/index.php\/dokumenty\/#article","isPartOf":{"@id":"https:\/\/www.oshrychnov.cz\/pohl\/index.php\/dokumenty\/"},"author":{"name":"ReichrtK","@id":"https:\/\/www.oshrychnov.cz\/pohl\/#\/schema\/person\/053b5216aa93c47833e6f1d1a28ed8e0"},"headline":"Dokumenty","datePublished":"2023-03-22T10:58:08+00:00","dateModified":"2026-03-07T18:12:58+00:00","mainEntityOfPage":{"@id":"https:\/\/www.oshrychnov.cz\/pohl\/index.php\/dokumenty\/"},"wordCount":96,"inLanguage":"cs"},{"@type":"WebPage","@id":"https:\/\/www.oshrychnov.cz\/pohl\/index.php\/dokumenty\/","url":"https:\/\/www.oshrychnov.cz\/pohl\/index.php\/dokumenty\/","name":"Dokumenty - Podorlick\u00e1 hasi\u010dsk\u00e1 liga","isPartOf":{"@id":"https:\/\/www.oshrychnov.cz\/pohl\/#website"},"datePublished":"2023-03-22T10:58:08+00:00","dateModified":"2026-03-07T18:12:58+00:00","description":"Dokumenty pot\u0159ebn\u00e9 pro \u00fa\u010dast v Podorlick\u00e9 hasi\u010dsk\u00e9 lize. Najdete zde aktu\u00e1ln\u00ed pravidla pro dan\u00fd ro\u010dn\u00edk, p\u0159\u00edhl\u00e1\u0161ku pro t\u00fdm a z\u00e1p\u016fj\u010dn\u00ed l\u00edstky.","breadcrumb":{"@id":"https:\/\/www.oshrychnov.cz\/pohl\/index.php\/dokumenty\/#breadcrumb"},"inLanguage":"cs","potentialAction":[{"@type":"ReadAction","target":["https:\/\/www.oshrychnov.cz\/pohl\/index.php\/dokumenty\/"]}]},{"@type":"BreadcrumbList","@id":"https:\/\/www.oshrychnov.cz\/pohl\/index.php\/dokumenty\/#breadcrumb","itemListElement":[{"@type":"ListItem","position":1,"name":"Home","item":"https:\/\/www.oshrychnov.cz\/pohl\/"},{"@type":"ListItem","position":2,"name":"Dokumenty"}]},{"@type":"WebSite","@id":"https:\/\/www.oshrychnov.cz\/pohl\/#website","url":"https:\/\/www.oshrychnov.cz\/pohl\/","name":"Podorlick\u00e1 hasi\u010dsk\u00e1 liga","description":"Seri\u00e1l sout\u011b\u017e\u00ed v po\u017e\u00e1rn\u00edm \u00fatoku","potentialAction":[{"@type":"SearchAction","target":{"@type":"EntryPoint","urlTemplate":"https:\/\/www.oshrychnov.cz\/pohl\/?s={search_term_string}"},"query-input":{"@type":"PropertyValueSpecification","valueRequired":true,"valueName":"search_term_string"}}],"inLanguage":"cs"},{"@type":"Person","@id":"https:\/\/www.oshrychnov.cz\/pohl\/#\/schema\/person\/053b5216aa93c47833e6f1d1a28ed8e0","name":"ReichrtK","image":{"@type":"ImageObject","inLanguage":"cs","@id":"https:\/\/www.oshrychnov.cz\/pohl\/#\/schema\/person\/image\/","url":"https:\/\/secure.gravatar.com\/avatar\/3a1741b129cd4a5f8e2b9d45c960d8b9?s=96&d=mm&r=g","contentUrl":"https:\/\/secure.gravatar.com\/avatar\/3a1741b129cd4a5f8e2b9d45c960d8b9?s=96&d=mm&r=g","caption":"ReichrtK"},"sameAs":["https:\/\/www.oshrychnov.cz\/pohl"],"url":"https:\/\/www.oshrychnov.cz\/pohl\/index.php\/author\/reichrtk\/"}]}},"_links":{"self":[{"href":"https:\/\/www.oshrychnov.cz\/pohl\/index.php\/wp-json\/wp\/v2\/pages\/83","targetHints":{"allow":["GET"]}}],"collection":[{"href":"https:\/\/www.oshrychnov.cz\/pohl\/index.php\/wp-json\/wp\/v2\/pages"}],"about":[{"href":"https:\/\/www.oshrychnov.cz\/pohl\/index.php\/wp-json\/wp\/v2\/types\/page"}],"author":[{"embeddable":true,"href":"https:\/\/www.oshrychnov.cz\/pohl\/index.php\/wp-json\/wp\/v2\/users\/1"}],"replies":[{"embeddable":true,"href":"https:\/\/www.oshrychnov.cz\/pohl\/index.php\/wp-json\/wp\/v2\/comments?post=83"}],"version-history":[{"count":7,"href":"https:\/\/www.oshrychnov.cz\/pohl\/index.php\/wp-json\/wp\/v2\/pages\/83\/revisions"}],"predecessor-version":[{"id":658,"href":"https:\/\/www.oshrychnov.cz\/pohl\/index.php\/wp-json\/wp\/v2\/pages\/83\/revisions\/658"}],"wp:attachment":[{"href":"https:\/\/www.oshrychnov.cz\/pohl\/index.php\/wp-json\/wp\/v2\/media?parent=83"}],"curies":[{"name":"wp","href":"https:\/\/api.w.org\/{rel}","templated":true}]}}