{"id":422,"date":"2024-04-27T13:09:21","date_gmt":"2024-04-27T11:09:21","guid":{"rendered":"https:\/\/www.oshrychnov.cz\/pohl\/?page_id=422"},"modified":"2026-04-12T10:21:47","modified_gmt":"2026-04-12T08:21:47","slug":"rezervace","status":"publish","type":"page","link":"https:\/\/www.oshrychnov.cz\/pohl\/index.php\/rezervace\/","title":{"rendered":"REZERVACE"},"content":{"rendered":"<p><a href=\"https:\/\/www.firesport.eu\/rezervace-mista-houdkovice-15555.html\"><img loading=\"lazy\" decoding=\"async\" class=\"aligncenter wp-image-636 size-full\" src=\"https:\/\/www.oshrychnov.cz\/pohl\/wp-content\/uploads\/2026\/03\/Houdkovice-e1772903349144.jpg\" alt=\"\" width=\"867\" height=\"678\" srcset=\"https:\/\/www.oshrychnov.cz\/pohl\/wp-content\/uploads\/2026\/03\/Houdkovice-e1772903349144.jpg 867w, https:\/\/www.oshrychnov.cz\/pohl\/wp-content\/uploads\/2026\/03\/Houdkovice-e1772903349144-300x235.jpg 300w, https:\/\/www.oshrychnov.cz\/pohl\/wp-content\/uploads\/2026\/03\/Houdkovice-e1772903349144-768x601.jpg 768w\" sizes=\"auto, (max-width: 867px) 100vw, 867px\" \/><\/a><\/p>\n<p><a href=\"https:\/\/www.firesport.eu\/rezervace-mista-havlovice-15865.html\"><img loading=\"lazy\" decoding=\"async\" class=\"aligncenter wp-image-637 size-full\" src=\"https:\/\/www.oshrychnov.cz\/pohl\/wp-content\/uploads\/2026\/03\/Havlovice-e1772903267775.jpg\" alt=\"\" width=\"867\" height=\"678\" srcset=\"https:\/\/www.oshrychnov.cz\/pohl\/wp-content\/uploads\/2026\/03\/Havlovice-e1772903267775.jpg 867w, https:\/\/www.oshrychnov.cz\/pohl\/wp-content\/uploads\/2026\/03\/Havlovice-e1772903267775-300x235.jpg 300w, https:\/\/www.oshrychnov.cz\/pohl\/wp-content\/uploads\/2026\/03\/Havlovice-e1772903267775-768x601.jpg 768w\" sizes=\"auto, (max-width: 867px) 100vw, 867px\" \/><\/a><\/p>\n<p><a href=\"https:\/\/www.firesport.eu\/rezervace-mista-semechnice-15866.html\"><img loading=\"lazy\" decoding=\"async\" class=\"aligncenter wp-image-638 size-full\" src=\"https:\/\/www.oshrychnov.cz\/pohl\/wp-content\/uploads\/2026\/03\/Semechnice-e1772903420254.jpg\" alt=\"\" width=\"867\" height=\"678\" srcset=\"https:\/\/www.oshrychnov.cz\/pohl\/wp-content\/uploads\/2026\/03\/Semechnice-e1772903420254.jpg 867w, https:\/\/www.oshrychnov.cz\/pohl\/wp-content\/uploads\/2026\/03\/Semechnice-e1772903420254-300x235.jpg 300w, https:\/\/www.oshrychnov.cz\/pohl\/wp-content\/uploads\/2026\/03\/Semechnice-e1772903420254-768x601.jpg 768w\" sizes=\"auto, (max-width: 867px) 100vw, 867px\" \/><\/a><\/p>\n<p><a href=\"https:\/\/www.firesport.eu\/rezervace-mista-vrbice-15867.html\"><img loading=\"lazy\" decoding=\"async\" class=\"aligncenter wp-image-639 size-full\" src=\"https:\/\/www.oshrychnov.cz\/pohl\/wp-content\/uploads\/2026\/03\/Vrbice-e1772903464180.jpg\" alt=\"\" width=\"867\" height=\"678\" srcset=\"https:\/\/www.oshrychnov.cz\/pohl\/wp-content\/uploads\/2026\/03\/Vrbice-e1772903464180.jpg 867w, https:\/\/www.oshrychnov.cz\/pohl\/wp-content\/uploads\/2026\/03\/Vrbice-e1772903464180-300x235.jpg 300w, https:\/\/www.oshrychnov.cz\/pohl\/wp-content\/uploads\/2026\/03\/Vrbice-e1772903464180-768x601.jpg 768w\" sizes=\"auto, (max-width: 867px) 100vw, 867px\" \/><\/a><\/p>\n<p><a href=\"https:\/\/www.firesport.eu\/rezervace-mista-asastolovice-15868.html\"><img loading=\"lazy\" decoding=\"async\" class=\"aligncenter wp-image-640 size-full\" src=\"https:\/\/www.oshrychnov.cz\/pohl\/wp-content\/uploads\/2026\/03\/Castolovice-e1772903503325.jpg\" alt=\"\" width=\"867\" height=\"678\" srcset=\"https:\/\/www.oshrychnov.cz\/pohl\/wp-content\/uploads\/2026\/03\/Castolovice-e1772903503325.jpg 867w, https:\/\/www.oshrychnov.cz\/pohl\/wp-content\/uploads\/2026\/03\/Castolovice-e1772903503325-300x235.jpg 300w, https:\/\/www.oshrychnov.cz\/pohl\/wp-content\/uploads\/2026\/03\/Castolovice-e1772903503325-768x601.jpg 768w\" sizes=\"auto, (max-width: 867px) 100vw, 867px\" \/><\/a><\/p>\n<p><a href=\"https:\/\/www.firesport.eu\/rezervace-mista-sna-llna-c--15869.html\"><img loading=\"lazy\" decoding=\"async\" class=\"aligncenter wp-image-641 size-full\" src=\"https:\/\/www.oshrychnov.cz\/pohl\/wp-content\/uploads\/2026\/03\/Snezne-e1772903561441.jpg\" alt=\"\" width=\"867\" height=\"678\" srcset=\"https:\/\/www.oshrychnov.cz\/pohl\/wp-content\/uploads\/2026\/03\/Snezne-e1772903561441.jpg 867w, https:\/\/www.oshrychnov.cz\/pohl\/wp-content\/uploads\/2026\/03\/Snezne-e1772903561441-300x235.jpg 300w, https:\/\/www.oshrychnov.cz\/pohl\/wp-content\/uploads\/2026\/03\/Snezne-e1772903561441-768x601.jpg 768w\" sizes=\"auto, (max-width: 867px) 100vw, 867px\" \/><\/a><\/p>\n<p><a href=\"https:\/\/pohl.firesport.eu\/soutez-kvasiny-15876.html\"><img loading=\"lazy\" decoding=\"async\" class=\"aligncenter wp-image-642 size-full\" src=\"https:\/\/www.oshrychnov.cz\/pohl\/wp-content\/uploads\/2026\/03\/Kvasiny-e1772903601102.jpg\" alt=\"\" width=\"867\" height=\"678\" srcset=\"https:\/\/www.oshrychnov.cz\/pohl\/wp-content\/uploads\/2026\/03\/Kvasiny-e1772903601102.jpg 867w, https:\/\/www.oshrychnov.cz\/pohl\/wp-content\/uploads\/2026\/03\/Kvasiny-e1772903601102-300x235.jpg 300w, https:\/\/www.oshrychnov.cz\/pohl\/wp-content\/uploads\/2026\/03\/Kvasiny-e1772903601102-768x601.jpg 768w\" sizes=\"auto, (max-width: 867px) 100vw, 867px\" \/><\/a><\/p>\n<p><a href=\"https:\/\/www.firesport.eu\/rezervace-mista-lukavice-15877.html\"><img loading=\"lazy\" decoding=\"async\" class=\"aligncenter wp-image-643 size-full\" src=\"https:\/\/www.oshrychnov.cz\/pohl\/wp-content\/uploads\/2026\/03\/Lukavice-e1772903632308.jpg\" alt=\"\" width=\"867\" height=\"678\" srcset=\"https:\/\/www.oshrychnov.cz\/pohl\/wp-content\/uploads\/2026\/03\/Lukavice-e1772903632308.jpg 867w, https:\/\/www.oshrychnov.cz\/pohl\/wp-content\/uploads\/2026\/03\/Lukavice-e1772903632308-300x235.jpg 300w, https:\/\/www.oshrychnov.cz\/pohl\/wp-content\/uploads\/2026\/03\/Lukavice-e1772903632308-768x601.jpg 768w\" sizes=\"auto, (max-width: 867px) 100vw, 867px\" \/><\/a><\/p>\n<p><a href=\"https:\/\/www.firesport.eu\/rezervace-mista-nova-hra-dek-15878.html\"><img loading=\"lazy\" decoding=\"async\" class=\"aligncenter wp-image-644 size-full\" src=\"https:\/\/www.oshrychnov.cz\/pohl\/wp-content\/uploads\/2026\/03\/Novy-Hradek-e1772903669890.jpg\" alt=\"\" width=\"867\" height=\"678\" srcset=\"https:\/\/www.oshrychnov.cz\/pohl\/wp-content\/uploads\/2026\/03\/Novy-Hradek-e1772903669890.jpg 867w, https:\/\/www.oshrychnov.cz\/pohl\/wp-content\/uploads\/2026\/03\/Novy-Hradek-e1772903669890-300x235.jpg 300w, https:\/\/www.oshrychnov.cz\/pohl\/wp-content\/uploads\/2026\/03\/Novy-Hradek-e1772903669890-768x601.jpg 768w\" sizes=\"auto, (max-width: 867px) 100vw, 867px\" \/><\/a><\/p>\n<p><a href=\"https:\/\/www.firesport.eu\/rezervace-mista-ohnil-ov-15879.html\"><img loading=\"lazy\" decoding=\"async\" class=\"aligncenter wp-image-645 size-full\" src=\"https:\/\/www.oshrychnov.cz\/pohl\/wp-content\/uploads\/2026\/03\/Ohnisov-e1772903710945.jpg\" alt=\"\" width=\"867\" height=\"678\" srcset=\"https:\/\/www.oshrychnov.cz\/pohl\/wp-content\/uploads\/2026\/03\/Ohnisov-e1772903710945.jpg 867w, https:\/\/www.oshrychnov.cz\/pohl\/wp-content\/uploads\/2026\/03\/Ohnisov-e1772903710945-300x235.jpg 300w, https:\/\/www.oshrychnov.cz\/pohl\/wp-content\/uploads\/2026\/03\/Ohnisov-e1772903710945-768x601.jpg 768w\" sizes=\"auto, (max-width: 867px) 100vw, 867px\" \/><\/a><\/p>\n<p><a href=\"https:\/\/www.firesport.eu\/rezervace-mista-bukovice-15880.html\"><img loading=\"lazy\" decoding=\"async\" class=\"aligncenter wp-image-646 size-full\" src=\"https:\/\/www.oshrychnov.cz\/pohl\/wp-content\/uploads\/2026\/03\/Bukovice-e1772903746982.jpg\" alt=\"\" width=\"867\" height=\"678\" srcset=\"https:\/\/www.oshrychnov.cz\/pohl\/wp-content\/uploads\/2026\/03\/Bukovice-e1772903746982.jpg 867w, https:\/\/www.oshrychnov.cz\/pohl\/wp-content\/uploads\/2026\/03\/Bukovice-e1772903746982-300x235.jpg 300w, https:\/\/www.oshrychnov.cz\/pohl\/wp-content\/uploads\/2026\/03\/Bukovice-e1772903746982-768x601.jpg 768w\" sizes=\"auto, (max-width: 867px) 100vw, 867px\" \/><\/a><\/p>\n<p>Rezervaci startovn\u00edho po\u0159ad\u00ed mu\u017eete prov\u00e9st v\u017edy 14 dn\u016f p\u0159ed startem konr\u00e9tn\u00edho z\u00e1vodu.<\/p>\n","protected":false},"excerpt":{"rendered":"<p>Rezervaci startovn\u00edho po\u0159ad\u00ed mu\u017eete prov\u00e9st v\u017edy 14 dn\u016f p\u0159ed startem konr\u00e9tn\u00edho z\u00e1vodu.<\/p>\n","protected":false},"author":1,"featured_media":0,"parent":0,"menu_order":0,"comment_status":"closed","ping_status":"closed","template":"","meta":{"_monsterinsights_skip_tracking":false,"_monsterinsights_sitenote_active":false,"_monsterinsights_sitenote_note":"","_monsterinsights_sitenote_category":0,"footnotes":""},"class_list":["post-422","page","type-page","status-publish"],"yoast_head":"<!-- This site is optimized with the Yoast SEO plugin v26.8 - https:\/\/yoast.com\/product\/yoast-seo-wordpress\/ -->\n<title>REZERVACE - Podorlick\u00e1 hasi\u010dsk\u00e1 liga<\/title>\n<meta name=\"robots\" content=\"index, follow, max-snippet:-1, max-image-preview:large, max-video-preview:-1\" \/>\n<link rel=\"canonical\" href=\"https:\/\/www.oshrychnov.cz\/pohl\/index.php\/rezervace\/\" \/>\n<meta property=\"og:locale\" content=\"cs_CZ\" \/>\n<meta property=\"og:type\" content=\"article\" \/>\n<meta property=\"og:title\" content=\"REZERVACE - Podorlick\u00e1 hasi\u010dsk\u00e1 liga\" \/>\n<meta property=\"og:description\" content=\"Rezervaci startovn\u00edho po\u0159ad\u00ed mu\u017eete prov\u00e9st v\u017edy 14 dn\u016f p\u0159ed startem konr\u00e9tn\u00edho z\u00e1vodu.\" \/>\n<meta property=\"og:url\" content=\"https:\/\/www.oshrychnov.cz\/pohl\/index.php\/rezervace\/\" \/>\n<meta property=\"og:site_name\" content=\"Podorlick\u00e1 hasi\u010dsk\u00e1 liga\" \/>\n<meta property=\"article:modified_time\" content=\"2026-04-12T08:21:47+00:00\" \/>\n<meta property=\"og:image\" content=\"https:\/\/www.oshrychnov.cz\/pohl\/wp-content\/uploads\/2026\/03\/Houdkovice-e1772903349144.jpg\" \/>\n\t<meta property=\"og:image:width\" content=\"867\" \/>\n\t<meta property=\"og:image:height\" content=\"678\" \/>\n\t<meta property=\"og:image:type\" content=\"image\/jpeg\" \/>\n<meta name=\"twitter:card\" content=\"summary_large_image\" \/>\n<meta name=\"twitter:label1\" content=\"Odhadovan\u00e1 doba \u010dten\u00ed\" \/>\n\t<meta name=\"twitter:data1\" content=\"3 minuty\" \/>\n<script type=\"application\/ld+json\" class=\"yoast-schema-graph\">{\"@context\":\"https:\/\/schema.org\",\"@graph\":[{\"@type\":\"WebPage\",\"@id\":\"https:\/\/www.oshrychnov.cz\/pohl\/index.php\/rezervace\/\",\"url\":\"https:\/\/www.oshrychnov.cz\/pohl\/index.php\/rezervace\/\",\"name\":\"REZERVACE - Podorlick\u00e1 hasi\u010dsk\u00e1 liga\",\"isPartOf\":{\"@id\":\"https:\/\/www.oshrychnov.cz\/pohl\/#website\"},\"primaryImageOfPage\":{\"@id\":\"https:\/\/www.oshrychnov.cz\/pohl\/index.php\/rezervace\/#primaryimage\"},\"image\":{\"@id\":\"https:\/\/www.oshrychnov.cz\/pohl\/index.php\/rezervace\/#primaryimage\"},\"thumbnailUrl\":\"https:\/\/www.oshrychnov.cz\/pohl\/wp-content\/uploads\/2026\/03\/Houdkovice-e1772903349144.jpg\",\"datePublished\":\"2024-04-27T11:09:21+00:00\",\"dateModified\":\"2026-04-12T08:21:47+00:00\",\"breadcrumb\":{\"@id\":\"https:\/\/www.oshrychnov.cz\/pohl\/index.php\/rezervace\/#breadcrumb\"},\"inLanguage\":\"cs\",\"potentialAction\":[{\"@type\":\"ReadAction\",\"target\":[\"https:\/\/www.oshrychnov.cz\/pohl\/index.php\/rezervace\/\"]}]},{\"@type\":\"ImageObject\",\"inLanguage\":\"cs\",\"@id\":\"https:\/\/www.oshrychnov.cz\/pohl\/index.php\/rezervace\/#primaryimage\",\"url\":\"https:\/\/www.oshrychnov.cz\/pohl\/wp-content\/uploads\/2026\/03\/Houdkovice-e1772903349144.jpg\",\"contentUrl\":\"https:\/\/www.oshrychnov.cz\/pohl\/wp-content\/uploads\/2026\/03\/Houdkovice-e1772903349144.jpg\",\"width\":867,\"height\":678},{\"@type\":\"BreadcrumbList\",\"@id\":\"https:\/\/www.oshrychnov.cz\/pohl\/index.php\/rezervace\/#breadcrumb\",\"itemListElement\":[{\"@type\":\"ListItem\",\"position\":1,\"name\":\"Home\",\"item\":\"https:\/\/www.oshrychnov.cz\/pohl\/\"},{\"@type\":\"ListItem\",\"position\":2,\"name\":\"REZERVACE\"}]},{\"@type\":\"WebSite\",\"@id\":\"https:\/\/www.oshrychnov.cz\/pohl\/#website\",\"url\":\"https:\/\/www.oshrychnov.cz\/pohl\/\",\"name\":\"Podorlick\u00e1 hasi\u010dsk\u00e1 liga\",\"description\":\"Seri\u00e1l sout\u011b\u017e\u00ed v po\u017e\u00e1rn\u00edm \u00fatoku\",\"potentialAction\":[{\"@type\":\"SearchAction\",\"target\":{\"@type\":\"EntryPoint\",\"urlTemplate\":\"https:\/\/www.oshrychnov.cz\/pohl\/?s={search_term_string}\"},\"query-input\":{\"@type\":\"PropertyValueSpecification\",\"valueRequired\":true,\"valueName\":\"search_term_string\"}}],\"inLanguage\":\"cs\"}]}<\/script>\n<!-- \/ Yoast SEO plugin. -->","yoast_head_json":{"title":"REZERVACE - Podorlick\u00e1 hasi\u010dsk\u00e1 liga","robots":{"index":"index","follow":"follow","max-snippet":"max-snippet:-1","max-image-preview":"max-image-preview:large","max-video-preview":"max-video-preview:-1"},"canonical":"https:\/\/www.oshrychnov.cz\/pohl\/index.php\/rezervace\/","og_locale":"cs_CZ","og_type":"article","og_title":"REZERVACE - Podorlick\u00e1 hasi\u010dsk\u00e1 liga","og_description":"Rezervaci startovn\u00edho po\u0159ad\u00ed mu\u017eete prov\u00e9st v\u017edy 14 dn\u016f p\u0159ed startem konr\u00e9tn\u00edho z\u00e1vodu.","og_url":"https:\/\/www.oshrychnov.cz\/pohl\/index.php\/rezervace\/","og_site_name":"Podorlick\u00e1 hasi\u010dsk\u00e1 liga","article_modified_time":"2026-04-12T08:21:47+00:00","og_image":[{"width":867,"height":678,"url":"https:\/\/www.oshrychnov.cz\/pohl\/wp-content\/uploads\/2026\/03\/Houdkovice-e1772903349144.jpg","type":"image\/jpeg"}],"twitter_card":"summary_large_image","twitter_misc":{"Odhadovan\u00e1 doba \u010dten\u00ed":"3 minuty"},"schema":{"@context":"https:\/\/schema.org","@graph":[{"@type":"WebPage","@id":"https:\/\/www.oshrychnov.cz\/pohl\/index.php\/rezervace\/","url":"https:\/\/www.oshrychnov.cz\/pohl\/index.php\/rezervace\/","name":"REZERVACE - Podorlick\u00e1 hasi\u010dsk\u00e1 liga","isPartOf":{"@id":"https:\/\/www.oshrychnov.cz\/pohl\/#website"},"primaryImageOfPage":{"@id":"https:\/\/www.oshrychnov.cz\/pohl\/index.php\/rezervace\/#primaryimage"},"image":{"@id":"https:\/\/www.oshrychnov.cz\/pohl\/index.php\/rezervace\/#primaryimage"},"thumbnailUrl":"https:\/\/www.oshrychnov.cz\/pohl\/wp-content\/uploads\/2026\/03\/Houdkovice-e1772903349144.jpg","datePublished":"2024-04-27T11:09:21+00:00","dateModified":"2026-04-12T08:21:47+00:00","breadcrumb":{"@id":"https:\/\/www.oshrychnov.cz\/pohl\/index.php\/rezervace\/#breadcrumb"},"inLanguage":"cs","potentialAction":[{"@type":"ReadAction","target":["https:\/\/www.oshrychnov.cz\/pohl\/index.php\/rezervace\/"]}]},{"@type":"ImageObject","inLanguage":"cs","@id":"https:\/\/www.oshrychnov.cz\/pohl\/index.php\/rezervace\/#primaryimage","url":"https:\/\/www.oshrychnov.cz\/pohl\/wp-content\/uploads\/2026\/03\/Houdkovice-e1772903349144.jpg","contentUrl":"https:\/\/www.oshrychnov.cz\/pohl\/wp-content\/uploads\/2026\/03\/Houdkovice-e1772903349144.jpg","width":867,"height":678},{"@type":"BreadcrumbList","@id":"https:\/\/www.oshrychnov.cz\/pohl\/index.php\/rezervace\/#breadcrumb","itemListElement":[{"@type":"ListItem","position":1,"name":"Home","item":"https:\/\/www.oshrychnov.cz\/pohl\/"},{"@type":"ListItem","position":2,"name":"REZERVACE"}]},{"@type":"WebSite","@id":"https:\/\/www.oshrychnov.cz\/pohl\/#website","url":"https:\/\/www.oshrychnov.cz\/pohl\/","name":"Podorlick\u00e1 hasi\u010dsk\u00e1 liga","description":"Seri\u00e1l sout\u011b\u017e\u00ed v po\u017e\u00e1rn\u00edm \u00fatoku","potentialAction":[{"@type":"SearchAction","target":{"@type":"EntryPoint","urlTemplate":"https:\/\/www.oshrychnov.cz\/pohl\/?s={search_term_string}"},"query-input":{"@type":"PropertyValueSpecification","valueRequired":true,"valueName":"search_term_string"}}],"inLanguage":"cs"}]}},"_links":{"self":[{"href":"https:\/\/www.oshrychnov.cz\/pohl\/index.php\/wp-json\/wp\/v2\/pages\/422","targetHints":{"allow":["GET"]}}],"collection":[{"href":"https:\/\/www.oshrychnov.cz\/pohl\/index.php\/wp-json\/wp\/v2\/pages"}],"about":[{"href":"https:\/\/www.oshrychnov.cz\/pohl\/index.php\/wp-json\/wp\/v2\/types\/page"}],"author":[{"embeddable":true,"href":"https:\/\/www.oshrychnov.cz\/pohl\/index.php\/wp-json\/wp\/v2\/users\/1"}],"replies":[{"embeddable":true,"href":"https:\/\/www.oshrychnov.cz\/pohl\/index.php\/wp-json\/wp\/v2\/comments?post=422"}],"version-history":[{"count":7,"href":"https:\/\/www.oshrychnov.cz\/pohl\/index.php\/wp-json\/wp\/v2\/pages\/422\/revisions"}],"predecessor-version":[{"id":662,"href":"https:\/\/www.oshrychnov.cz\/pohl\/index.php\/wp-json\/wp\/v2\/pages\/422\/revisions\/662"}],"wp:attachment":[{"href":"https:\/\/www.oshrychnov.cz\/pohl\/index.php\/wp-json\/wp\/v2\/media?parent=422"}],"curies":[{"name":"wp","href":"https:\/\/api.w.org\/{rel}","templated":true}]}}