{"id":40,"date":"2023-02-08T17:31:01","date_gmt":"2023-02-08T16:31:01","guid":{"rendered":"https:\/\/www.oshrychnov.cz\/pohl\/?page_id=40"},"modified":"2023-02-08T17:31:02","modified_gmt":"2023-02-08T16:31:02","slug":"vysledky-2014","status":"publish","type":"page","link":"https:\/\/www.oshrychnov.cz\/pohl\/index.php\/vysledky-2014\/","title":{"rendered":"V\u00fdsledky 2014"},"content":{"rendered":"\n<p style=\"font-size:22px;font-style:normal;font-weight:700\"><strong>Podorlick\u00e1 liga 2014<\/strong><\/p>\n\n\n\n<figure class=\"wp-block-table alignwide is-style-stripes\"><table><tbody><tr><td class=\"has-text-align-center\" data-align=\"center\"><\/td><td class=\"has-text-align-center\" data-align=\"center\"><\/td><td class=\"has-text-align-center\" data-align=\"center\">Mu\u017ei<\/td><td class=\"has-text-align-center\" data-align=\"center\">Mu\u017ei<\/td><td class=\"has-text-align-center\" data-align=\"center\">Mu\u017ei<\/td><td class=\"has-text-align-center\" data-align=\"center\">\u017deny<\/td><td class=\"has-text-align-center\" data-align=\"center\">\u017deny<\/td><td class=\"has-text-align-center\" data-align=\"center\">\u017deny<\/td><\/tr><tr><td class=\"has-text-align-center\" data-align=\"center\">Kolo<\/td><td class=\"has-text-align-center\" data-align=\"center\">M\u00edsto<\/td><td class=\"has-text-align-center\" data-align=\"center\">1.<\/td><td class=\"has-text-align-center\" data-align=\"center\">2.<\/td><td class=\"has-text-align-center\" data-align=\"center\">3.<\/td><td class=\"has-text-align-center\" data-align=\"center\">1.<\/td><td class=\"has-text-align-center\" data-align=\"center\">2.<\/td><td class=\"has-text-align-center\" data-align=\"center\">3.<\/td><\/tr><tr><td class=\"has-text-align-center\" data-align=\"center\"><strong>1<\/strong><\/td><td class=\"has-text-align-center\" data-align=\"center\"><strong>Houdkovice<\/strong><\/td><td class=\"has-text-align-center\" data-align=\"center\">My\u0161t\u011bves<\/td><td class=\"has-text-align-center\" data-align=\"center\">\u010castolovice<\/td><td class=\"has-text-align-center\" data-align=\"center\">Semechnice &#8211; B<\/td><td class=\"has-text-align-center\" data-align=\"center\">Trnov<\/td><td class=\"has-text-align-center\" data-align=\"center\">Kvasiny<\/td><td class=\"has-text-align-center\" data-align=\"center\">Opo\u010dno<\/td><\/tr><tr><td class=\"has-text-align-center\" data-align=\"center\"><strong>2<\/strong><\/td><td class=\"has-text-align-center\" data-align=\"center\"><strong>Bystr\u00e9<\/strong><\/td><td class=\"has-text-align-center\" data-align=\"center\">Trnov<\/td><td class=\"has-text-align-center\" data-align=\"center\">Jen\u00edkovice<\/td><td class=\"has-text-align-center\" data-align=\"center\">Bystr\u00e9 &#8211; A<\/td><td class=\"has-text-align-center\" data-align=\"center\">Tutleky<\/td><td class=\"has-text-align-center\" data-align=\"center\">Sn\u011b\u017en\u00e9<\/td><td class=\"has-text-align-center\" data-align=\"center\">Kvasiny<\/td><\/tr><tr><td class=\"has-text-align-center\" data-align=\"center\"><strong>3<\/strong><\/td><td class=\"has-text-align-center\" data-align=\"center\"><strong>J\u00edlovice<\/strong><\/td><td class=\"has-text-align-center\" data-align=\"center\">Semechnice<\/td><td class=\"has-text-align-center\" data-align=\"center\">Trnov<\/td><td class=\"has-text-align-center\" data-align=\"center\">\u010castolovice<\/td><td class=\"has-text-align-center\" data-align=\"center\">Semechnice<\/td><td class=\"has-text-align-center\" data-align=\"center\">Opo\u010dno<\/td><td class=\"has-text-align-center\" data-align=\"center\">Dlouh\u00e1 Ves<\/td><\/tr><tr><td class=\"has-text-align-center\" data-align=\"center\"><strong>4<\/strong><\/td><td class=\"has-text-align-center\" data-align=\"center\"><strong>Semechnice<\/strong><\/td><td class=\"has-text-align-center\" data-align=\"center\">Bystr\u00e9<\/td><td class=\"has-text-align-center\" data-align=\"center\">Trnov<\/td><td class=\"has-text-align-center\" data-align=\"center\">\u010castolovice<\/td><td class=\"has-text-align-center\" data-align=\"center\">Jen\u00edkovice<\/td><td class=\"has-text-align-center\" data-align=\"center\">Opo\u010dno<\/td><td class=\"has-text-align-center\" data-align=\"center\">Trnov<\/td><\/tr><tr><td class=\"has-text-align-center\" data-align=\"center\"><strong>5<\/strong><\/td><td class=\"has-text-align-center\" data-align=\"center\"><strong>Sn\u011b\u017en\u00e9<\/strong><\/td><td class=\"has-text-align-center\" data-align=\"center\">Bystr\u00e9<\/td><td class=\"has-text-align-center\" data-align=\"center\">\u010castolovice<\/td><td class=\"has-text-align-center\" data-align=\"center\">Ohni\u0161ov<\/td><td class=\"has-text-align-center\" data-align=\"center\">Opo\u010dno<\/td><td class=\"has-text-align-center\" data-align=\"center\">Trnov<\/td><td class=\"has-text-align-center\" data-align=\"center\">Dlouh\u00e1 Ves<\/td><\/tr><tr><td class=\"has-text-align-center\" data-align=\"center\"><strong>6<\/strong><\/td><td class=\"has-text-align-center\" data-align=\"center\"><strong>Mezim\u011bst\u00ed<\/strong><\/td><td class=\"has-text-align-center\" data-align=\"center\">Kvasiny<\/td><td class=\"has-text-align-center\" data-align=\"center\">Semechnice<\/td><td class=\"has-text-align-center\" data-align=\"center\">Ohni\u0161ov<\/td><td class=\"has-text-align-center\" data-align=\"center\">Kvasiny<\/td><td class=\"has-text-align-center\" data-align=\"center\">Trnov<\/td><td class=\"has-text-align-center\" data-align=\"center\">Sn\u011b\u017en\u00e9<\/td><\/tr><tr><td class=\"has-text-align-center\" data-align=\"center\"><strong>7<\/strong><\/td><td class=\"has-text-align-center\" data-align=\"center\"><strong>Jen\u00edkovice<\/strong><\/td><td class=\"has-text-align-center\" data-align=\"center\">Semechnice &#8211; A<\/td><td class=\"has-text-align-center\" data-align=\"center\">Jen\u00edkovice<\/td><td class=\"has-text-align-center\" data-align=\"center\">Mezim\u011bst\u00ed<\/td><td class=\"has-text-align-center\" data-align=\"center\">Sn\u011b\u017en\u00e9<\/td><td class=\"has-text-align-center\" data-align=\"center\">Dlouh\u00e1 Ves<\/td><td class=\"has-text-align-center\" data-align=\"center\">Opo\u010dno<\/td><\/tr><tr><td class=\"has-text-align-center\" data-align=\"center\"><strong>8<\/strong><\/td><td class=\"has-text-align-center\" data-align=\"center\"><strong>Dobru\u0161ka<\/strong><\/td><td class=\"has-text-align-center\" data-align=\"center\">Semechnice&nbsp; -A<\/td><td class=\"has-text-align-center\" data-align=\"center\">Trnov<\/td><td class=\"has-text-align-center\" data-align=\"center\">\u010castolovice<\/td><td class=\"has-text-align-center\" data-align=\"center\">Semechnice<\/td><td class=\"has-text-align-center\" data-align=\"center\">Tutleky<\/td><td class=\"has-text-align-center\" data-align=\"center\">Kvasiny &#8211; A<\/td><\/tr><tr><td class=\"has-text-align-center\" data-align=\"center\"><strong>9<\/strong><\/td><td class=\"has-text-align-center\" data-align=\"center\"><strong>Opo\u010dno<\/strong><\/td><td class=\"has-text-align-center\" data-align=\"center\">Semechnice &#8211; B<\/td><td class=\"has-text-align-center\" data-align=\"center\">\u010castolovice<\/td><td class=\"has-text-align-center\" data-align=\"center\">Semechnice &#8211; A<\/td><td class=\"has-text-align-center\" data-align=\"center\">Kvasiny &#8211; A<\/td><td class=\"has-text-align-center\" data-align=\"center\">Kvasiny &#8211; B<\/td><td class=\"has-text-align-center\" data-align=\"center\">Opo\u010dno<\/td><\/tr><tr><td class=\"has-text-align-center\" data-align=\"center\"><strong>10<\/strong><\/td><td class=\"has-text-align-center\" data-align=\"center\"><strong>\u010castolovice<\/strong><\/td><td class=\"has-text-align-center\" data-align=\"center\">Trnov<\/td><td class=\"has-text-align-center\" data-align=\"center\">\u010castolovice<\/td><td class=\"has-text-align-center\" data-align=\"center\">Semechnice &#8211; A<\/td><td class=\"has-text-align-center\" data-align=\"center\">Kvasiny &#8211; A<\/td><td class=\"has-text-align-center\" data-align=\"center\">Semechnice<\/td><td class=\"has-text-align-center\" data-align=\"center\">Opo\u010dno<\/td><\/tr><\/tbody><\/table><\/figure>\n","protected":false},"excerpt":{"rendered":"<p>Podorlick\u00e1 liga 2014 Mu\u017ei Mu\u017ei Mu\u017ei \u017deny \u017deny \u017deny Kolo M\u00edsto 1. 2. 3. 1. 2. 3. 1 Houdkovice My\u0161t\u011bves \u010castolovice Semechnice &#8211; B Trnov Kvasiny Opo\u010dno 2 Bystr\u00e9 Trnov Jen\u00edkovice Bystr\u00e9 &#8211; A Tutleky Sn\u011b\u017en\u00e9 Kvasiny 3 J\u00edlovice Semechnice Trnov \u010castolovice Semechnice Opo\u010dno Dlouh\u00e1 Ves 4 Semechnice Bystr\u00e9 Trnov \u010castolovice Jen\u00edkovice Opo\u010dno Trnov 5 &#8230; <a title=\"V\u00fdsledky 2014\" class=\"read-more\" href=\"https:\/\/www.oshrychnov.cz\/pohl\/index.php\/vysledky-2014\/\" aria-label=\"Read more about V\u00fdsledky 2014\">\u010c\u00edst d\u00e1l<\/a><\/p>\n","protected":false},"author":1,"featured_media":0,"parent":0,"menu_order":0,"comment_status":"closed","ping_status":"closed","template":"","meta":{"_monsterinsights_skip_tracking":false,"_monsterinsights_sitenote_active":false,"_monsterinsights_sitenote_note":"","_monsterinsights_sitenote_category":0,"footnotes":""},"class_list":["post-40","page","type-page","status-publish"],"yoast_head":"<!-- This site is optimized with the Yoast SEO plugin v26.8 - https:\/\/yoast.com\/product\/yoast-seo-wordpress\/ -->\n<title>V\u00fdsledky 2014 - Podorlick\u00e1 hasi\u010dsk\u00e1 liga<\/title>\n<meta name=\"robots\" content=\"index, follow, max-snippet:-1, max-image-preview:large, max-video-preview:-1\" \/>\n<link rel=\"canonical\" href=\"https:\/\/www.oshrychnov.cz\/pohl\/index.php\/vysledky-2014\/\" \/>\n<meta property=\"og:locale\" content=\"cs_CZ\" \/>\n<meta property=\"og:type\" content=\"article\" \/>\n<meta property=\"og:title\" content=\"V\u00fdsledky 2014 - Podorlick\u00e1 hasi\u010dsk\u00e1 liga\" \/>\n<meta property=\"og:description\" content=\"Podorlick\u00e1 liga 2014 Mu\u017ei Mu\u017ei Mu\u017ei \u017deny \u017deny \u017deny Kolo M\u00edsto 1. 2. 3. 1. 2. 3. 1 Houdkovice My\u0161t\u011bves \u010castolovice Semechnice &#8211; B Trnov Kvasiny Opo\u010dno 2 Bystr\u00e9 Trnov Jen\u00edkovice Bystr\u00e9 &#8211; A Tutleky Sn\u011b\u017en\u00e9 Kvasiny 3 J\u00edlovice Semechnice Trnov \u010castolovice Semechnice Opo\u010dno Dlouh\u00e1 Ves 4 Semechnice Bystr\u00e9 Trnov \u010castolovice Jen\u00edkovice Opo\u010dno Trnov 5 ... \u010c\u00edst d\u00e1l\" \/>\n<meta property=\"og:url\" content=\"https:\/\/www.oshrychnov.cz\/pohl\/index.php\/vysledky-2014\/\" \/>\n<meta property=\"og:site_name\" content=\"Podorlick\u00e1 hasi\u010dsk\u00e1 liga\" \/>\n<meta property=\"article:modified_time\" content=\"2023-02-08T16:31:02+00:00\" \/>\n<meta name=\"twitter:card\" content=\"summary_large_image\" \/>\n<meta name=\"twitter:label1\" content=\"Odhadovan\u00e1 doba \u010dten\u00ed\" \/>\n\t<meta name=\"twitter:data1\" content=\"1 minuta\" \/>\n<script type=\"application\/ld+json\" class=\"yoast-schema-graph\">{\"@context\":\"https:\/\/schema.org\",\"@graph\":[{\"@type\":\"WebPage\",\"@id\":\"https:\/\/www.oshrychnov.cz\/pohl\/index.php\/vysledky-2014\/\",\"url\":\"https:\/\/www.oshrychnov.cz\/pohl\/index.php\/vysledky-2014\/\",\"name\":\"V\u00fdsledky 2014 - Podorlick\u00e1 hasi\u010dsk\u00e1 liga\",\"isPartOf\":{\"@id\":\"https:\/\/www.oshrychnov.cz\/pohl\/#website\"},\"datePublished\":\"2023-02-08T16:31:01+00:00\",\"dateModified\":\"2023-02-08T16:31:02+00:00\",\"breadcrumb\":{\"@id\":\"https:\/\/www.oshrychnov.cz\/pohl\/index.php\/vysledky-2014\/#breadcrumb\"},\"inLanguage\":\"cs\",\"potentialAction\":[{\"@type\":\"ReadAction\",\"target\":[\"https:\/\/www.oshrychnov.cz\/pohl\/index.php\/vysledky-2014\/\"]}]},{\"@type\":\"BreadcrumbList\",\"@id\":\"https:\/\/www.oshrychnov.cz\/pohl\/index.php\/vysledky-2014\/#breadcrumb\",\"itemListElement\":[{\"@type\":\"ListItem\",\"position\":1,\"name\":\"Home\",\"item\":\"https:\/\/www.oshrychnov.cz\/pohl\/\"},{\"@type\":\"ListItem\",\"position\":2,\"name\":\"V\u00fdsledky 2014\"}]},{\"@type\":\"WebSite\",\"@id\":\"https:\/\/www.oshrychnov.cz\/pohl\/#website\",\"url\":\"https:\/\/www.oshrychnov.cz\/pohl\/\",\"name\":\"Podorlick\u00e1 hasi\u010dsk\u00e1 liga\",\"description\":\"Seri\u00e1l sout\u011b\u017e\u00ed v po\u017e\u00e1rn\u00edm \u00fatoku\",\"potentialAction\":[{\"@type\":\"SearchAction\",\"target\":{\"@type\":\"EntryPoint\",\"urlTemplate\":\"https:\/\/www.oshrychnov.cz\/pohl\/?s={search_term_string}\"},\"query-input\":{\"@type\":\"PropertyValueSpecification\",\"valueRequired\":true,\"valueName\":\"search_term_string\"}}],\"inLanguage\":\"cs\"}]}<\/script>\n<!-- \/ Yoast SEO plugin. -->","yoast_head_json":{"title":"V\u00fdsledky 2014 - Podorlick\u00e1 hasi\u010dsk\u00e1 liga","robots":{"index":"index","follow":"follow","max-snippet":"max-snippet:-1","max-image-preview":"max-image-preview:large","max-video-preview":"max-video-preview:-1"},"canonical":"https:\/\/www.oshrychnov.cz\/pohl\/index.php\/vysledky-2014\/","og_locale":"cs_CZ","og_type":"article","og_title":"V\u00fdsledky 2014 - Podorlick\u00e1 hasi\u010dsk\u00e1 liga","og_description":"Podorlick\u00e1 liga 2014 Mu\u017ei Mu\u017ei Mu\u017ei \u017deny \u017deny \u017deny Kolo M\u00edsto 1. 2. 3. 1. 2. 3. 1 Houdkovice My\u0161t\u011bves \u010castolovice Semechnice &#8211; B Trnov Kvasiny Opo\u010dno 2 Bystr\u00e9 Trnov Jen\u00edkovice Bystr\u00e9 &#8211; A Tutleky Sn\u011b\u017en\u00e9 Kvasiny 3 J\u00edlovice Semechnice Trnov \u010castolovice Semechnice Opo\u010dno Dlouh\u00e1 Ves 4 Semechnice Bystr\u00e9 Trnov \u010castolovice Jen\u00edkovice Opo\u010dno Trnov 5 ... \u010c\u00edst d\u00e1l","og_url":"https:\/\/www.oshrychnov.cz\/pohl\/index.php\/vysledky-2014\/","og_site_name":"Podorlick\u00e1 hasi\u010dsk\u00e1 liga","article_modified_time":"2023-02-08T16:31:02+00:00","twitter_card":"summary_large_image","twitter_misc":{"Odhadovan\u00e1 doba \u010dten\u00ed":"1 minuta"},"schema":{"@context":"https:\/\/schema.org","@graph":[{"@type":"WebPage","@id":"https:\/\/www.oshrychnov.cz\/pohl\/index.php\/vysledky-2014\/","url":"https:\/\/www.oshrychnov.cz\/pohl\/index.php\/vysledky-2014\/","name":"V\u00fdsledky 2014 - Podorlick\u00e1 hasi\u010dsk\u00e1 liga","isPartOf":{"@id":"https:\/\/www.oshrychnov.cz\/pohl\/#website"},"datePublished":"2023-02-08T16:31:01+00:00","dateModified":"2023-02-08T16:31:02+00:00","breadcrumb":{"@id":"https:\/\/www.oshrychnov.cz\/pohl\/index.php\/vysledky-2014\/#breadcrumb"},"inLanguage":"cs","potentialAction":[{"@type":"ReadAction","target":["https:\/\/www.oshrychnov.cz\/pohl\/index.php\/vysledky-2014\/"]}]},{"@type":"BreadcrumbList","@id":"https:\/\/www.oshrychnov.cz\/pohl\/index.php\/vysledky-2014\/#breadcrumb","itemListElement":[{"@type":"ListItem","position":1,"name":"Home","item":"https:\/\/www.oshrychnov.cz\/pohl\/"},{"@type":"ListItem","position":2,"name":"V\u00fdsledky 2014"}]},{"@type":"WebSite","@id":"https:\/\/www.oshrychnov.cz\/pohl\/#website","url":"https:\/\/www.oshrychnov.cz\/pohl\/","name":"Podorlick\u00e1 hasi\u010dsk\u00e1 liga","description":"Seri\u00e1l sout\u011b\u017e\u00ed v po\u017e\u00e1rn\u00edm \u00fatoku","potentialAction":[{"@type":"SearchAction","target":{"@type":"EntryPoint","urlTemplate":"https:\/\/www.oshrychnov.cz\/pohl\/?s={search_term_string}"},"query-input":{"@type":"PropertyValueSpecification","valueRequired":true,"valueName":"search_term_string"}}],"inLanguage":"cs"}]}},"_links":{"self":[{"href":"https:\/\/www.oshrychnov.cz\/pohl\/index.php\/wp-json\/wp\/v2\/pages\/40","targetHints":{"allow":["GET"]}}],"collection":[{"href":"https:\/\/www.oshrychnov.cz\/pohl\/index.php\/wp-json\/wp\/v2\/pages"}],"about":[{"href":"https:\/\/www.oshrychnov.cz\/pohl\/index.php\/wp-json\/wp\/v2\/types\/page"}],"author":[{"embeddable":true,"href":"https:\/\/www.oshrychnov.cz\/pohl\/index.php\/wp-json\/wp\/v2\/users\/1"}],"replies":[{"embeddable":true,"href":"https:\/\/www.oshrychnov.cz\/pohl\/index.php\/wp-json\/wp\/v2\/comments?post=40"}],"version-history":[{"count":1,"href":"https:\/\/www.oshrychnov.cz\/pohl\/index.php\/wp-json\/wp\/v2\/pages\/40\/revisions"}],"predecessor-version":[{"id":42,"href":"https:\/\/www.oshrychnov.cz\/pohl\/index.php\/wp-json\/wp\/v2\/pages\/40\/revisions\/42"}],"wp:attachment":[{"href":"https:\/\/www.oshrychnov.cz\/pohl\/index.php\/wp-json\/wp\/v2\/media?parent=40"}],"curies":[{"name":"wp","href":"https:\/\/api.w.org\/{rel}","templated":true}]}}