{"id":2,"date":"2023-02-06T16:04:08","date_gmt":"2023-02-06T15:04:08","guid":{"rendered":"https:\/\/www.oshrychnov.cz\/pohl\/?page_id=2"},"modified":"2026-03-07T19:14:01","modified_gmt":"2026-03-07T18:14:01","slug":"zkusebni-stranka","status":"publish","type":"page","link":"https:\/\/www.oshrychnov.cz\/pohl\/","title":{"rendered":"Podorlick\u00e1 hasi\u010dsk\u00e1 liga"},"content":{"rendered":"\r\n<p>&nbsp;<\/p>\r\n<p><strong>Podorlick\u00e1 hasi\u010dsk\u00e1 liga<\/strong> je seri\u00e1lem 12ti sout\u011b\u017e\u00ed p\u0159ev\u00e1\u017en\u011b na n\u00e1st\u0159ikov\u00e9 ter\u010de pro kategorie MU\u017dI a \u017dENY. Liga vznikla v roce 2000. <em>(Nav\u00e1zala na seri\u00e1l sout\u011b\u017e\u00ed o Poh\u00e1r p\u0159ednosty okresn\u00edho \u00fa\u0159adu)<\/em> Jej\u00ed p\u016fsoben\u00ed v dne\u0161n\u00ed dob\u011b zasahuje do rychnovsk\u00e9ho, n\u00e1chodsk\u00e9ho, hradeck\u00e9ho a trutnovsk\u00e9ho okresu a jej\u00edm vyhla\u0161ovatelem je OSH Rychnov nad Kn\u011b\u017enou.<\/p>\r\n<p>&nbsp;<\/p>\r\n<p>&nbsp;<\/p>\r\n\r\n\r\n\r\n\r\n\r\n<p><img loading=\"lazy\" decoding=\"async\" class=\"aligncenter wp-image-634 size-full\" src=\"https:\/\/www.oshrychnov.cz\/pohl\/wp-content\/uploads\/2026\/03\/2026.jpg\" alt=\"\" width=\"1080\" height=\"1920\" srcset=\"https:\/\/www.oshrychnov.cz\/pohl\/wp-content\/uploads\/2026\/03\/2026.jpg 1080w, https:\/\/www.oshrychnov.cz\/pohl\/wp-content\/uploads\/2026\/03\/2026-169x300.jpg 169w, https:\/\/www.oshrychnov.cz\/pohl\/wp-content\/uploads\/2026\/03\/2026-576x1024.jpg 576w, https:\/\/www.oshrychnov.cz\/pohl\/wp-content\/uploads\/2026\/03\/2026-768x1365.jpg 768w, https:\/\/www.oshrychnov.cz\/pohl\/wp-content\/uploads\/2026\/03\/2026-864x1536.jpg 864w\" sizes=\"auto, (max-width: 1080px) 100vw, 1080px\" \/><\/p>\r\n<p>&nbsp;<\/p>\r\n<p>&nbsp;<\/p>\r\n<h1 style=\"text-align: center;\"><strong>Nejrychlej\u0161\u00ed dosa\u017een\u00e9 \u010dasy od po\u010d\u00e1tku ligy (n\u00e1st\u0159ikov\u00e9 ter\u010de).<\/strong><\/h1>\r\n<p>&nbsp;<\/p>\r\n<p><img loading=\"lazy\" decoding=\"async\" class=\"aligncenter wp-image-616 size-full\" src=\"https:\/\/www.oshrychnov.cz\/pohl\/wp-content\/uploads\/2025\/08\/TOP-10-MUZI.jpg\" alt=\"\" width=\"1414\" height=\"2000\" srcset=\"https:\/\/www.oshrychnov.cz\/pohl\/wp-content\/uploads\/2025\/08\/TOP-10-MUZI.jpg 1414w, https:\/\/www.oshrychnov.cz\/pohl\/wp-content\/uploads\/2025\/08\/TOP-10-MUZI-212x300.jpg 212w, https:\/\/www.oshrychnov.cz\/pohl\/wp-content\/uploads\/2025\/08\/TOP-10-MUZI-724x1024.jpg 724w, https:\/\/www.oshrychnov.cz\/pohl\/wp-content\/uploads\/2025\/08\/TOP-10-MUZI-768x1086.jpg 768w, https:\/\/www.oshrychnov.cz\/pohl\/wp-content\/uploads\/2025\/08\/TOP-10-MUZI-1086x1536.jpg 1086w\" sizes=\"auto, (max-width: 1414px) 100vw, 1414px\" \/><\/p>\r\n<p>&nbsp;<\/p>\r\n\r\n\r\n\r\n\r\n\r\n<figure class=\"wp-block-image size-large\"><\/figure>\r\n<p><img loading=\"lazy\" decoding=\"async\" class=\"aligncenter wp-image-629 size-full\" src=\"https:\/\/www.oshrychnov.cz\/pohl\/wp-content\/uploads\/2025\/09\/TOP-10-ZENY.jpg\" alt=\"\" width=\"1414\" height=\"2000\" srcset=\"https:\/\/www.oshrychnov.cz\/pohl\/wp-content\/uploads\/2025\/09\/TOP-10-ZENY.jpg 1414w, https:\/\/www.oshrychnov.cz\/pohl\/wp-content\/uploads\/2025\/09\/TOP-10-ZENY-212x300.jpg 212w, https:\/\/www.oshrychnov.cz\/pohl\/wp-content\/uploads\/2025\/09\/TOP-10-ZENY-724x1024.jpg 724w, https:\/\/www.oshrychnov.cz\/pohl\/wp-content\/uploads\/2025\/09\/TOP-10-ZENY-768x1086.jpg 768w, https:\/\/www.oshrychnov.cz\/pohl\/wp-content\/uploads\/2025\/09\/TOP-10-ZENY-1086x1536.jpg 1086w\" sizes=\"auto, (max-width: 1414px) 100vw, 1414px\" \/><\/p>\r\n\r\n\r\n\r\n<ul class=\"wp-block-social-links has-huge-icon-size is-layout-flex wp-block-social-links-is-layout-flex\"><li class=\"wp-social-link wp-social-link-instagram  wp-block-social-link\"><a href=\"https:\/\/www.instagram.com\/podorlicka_hasicska_liga\/\" class=\"wp-block-social-link-anchor\"><svg width=\"24\" height=\"24\" viewBox=\"0 0 24 24\" version=\"1.1\" xmlns=\"http:\/\/www.w3.org\/2000\/svg\" aria-hidden=\"true\" focusable=\"false\"><path d=\"M12,4.622c2.403,0,2.688,0.009,3.637,0.052c0.877,0.04,1.354,0.187,1.671,0.31c0.42,0.163,0.72,0.358,1.035,0.673 c0.315,0.315,0.51,0.615,0.673,1.035c0.123,0.317,0.27,0.794,0.31,1.671c0.043,0.949,0.052,1.234,0.052,3.637 s-0.009,2.688-0.052,3.637c-0.04,0.877-0.187,1.354-0.31,1.671c-0.163,0.42-0.358,0.72-0.673,1.035 c-0.315,0.315-0.615,0.51-1.035,0.673c-0.317,0.123-0.794,0.27-1.671,0.31c-0.949,0.043-1.233,0.052-3.637,0.052 s-2.688-0.009-3.637-0.052c-0.877-0.04-1.354-0.187-1.671-0.31c-0.42-0.163-0.72-0.358-1.035-0.673 c-0.315-0.315-0.51-0.615-0.673-1.035c-0.123-0.317-0.27-0.794-0.31-1.671C4.631,14.688,4.622,14.403,4.622,12 s0.009-2.688,0.052-3.637c0.04-0.877,0.187-1.354,0.31-1.671c0.163-0.42,0.358-0.72,0.673-1.035 c0.315-0.315,0.615-0.51,1.035-0.673c0.317-0.123,0.794-0.27,1.671-0.31C9.312,4.631,9.597,4.622,12,4.622 M12,3 C9.556,3,9.249,3.01,8.289,3.054C7.331,3.098,6.677,3.25,6.105,3.472C5.513,3.702,5.011,4.01,4.511,4.511 c-0.5,0.5-0.808,1.002-1.038,1.594C3.25,6.677,3.098,7.331,3.054,8.289C3.01,9.249,3,9.556,3,12c0,2.444,0.01,2.751,0.054,3.711 c0.044,0.958,0.196,1.612,0.418,2.185c0.23,0.592,0.538,1.094,1.038,1.594c0.5,0.5,1.002,0.808,1.594,1.038 c0.572,0.222,1.227,0.375,2.185,0.418C9.249,20.99,9.556,21,12,21s2.751-0.01,3.711-0.054c0.958-0.044,1.612-0.196,2.185-0.418 c0.592-0.23,1.094-0.538,1.594-1.038c0.5-0.5,0.808-1.002,1.038-1.594c0.222-0.572,0.375-1.227,0.418-2.185 C20.99,14.751,21,14.444,21,12s-0.01-2.751-0.054-3.711c-0.044-0.958-0.196-1.612-0.418-2.185c-0.23-0.592-0.538-1.094-1.038-1.594 c-0.5-0.5-1.002-0.808-1.594-1.038c-0.572-0.222-1.227-0.375-2.185-0.418C14.751,3.01,14.444,3,12,3L12,3z M12,7.378 c-2.552,0-4.622,2.069-4.622,4.622S9.448,16.622,12,16.622s4.622-2.069,4.622-4.622S14.552,7.378,12,7.378z M12,15 c-1.657,0-3-1.343-3-3s1.343-3,3-3s3,1.343,3,3S13.657,15,12,15z M16.804,6.116c-0.596,0-1.08,0.484-1.08,1.08 s0.484,1.08,1.08,1.08c0.596,0,1.08-0.484,1.08-1.08S17.401,6.116,16.804,6.116z\"><\/path><\/svg><span class=\"wp-block-social-link-label screen-reader-text\">Instagram<\/span><\/a><\/li>\r\n\r\n<li class=\"wp-social-link wp-social-link-facebook  wp-block-social-link\"><a href=\"https:\/\/www.facebook.com\/podorlicka.hasicska.liga\" class=\"wp-block-social-link-anchor\"><svg width=\"24\" height=\"24\" viewBox=\"0 0 24 24\" version=\"1.1\" xmlns=\"http:\/\/www.w3.org\/2000\/svg\" aria-hidden=\"true\" focusable=\"false\"><path d=\"M12 2C6.5 2 2 6.5 2 12c0 5 3.7 9.1 8.4 9.9v-7H7.9V12h2.5V9.8c0-2.5 1.5-3.9 3.8-3.9 1.1 0 2.2.2 2.2.2v2.5h-1.3c-1.2 0-1.6.8-1.6 1.6V12h2.8l-.4 2.9h-2.3v7C18.3 21.1 22 17 22 12c0-5.5-4.5-10-10-10z\"><\/path><\/svg><span class=\"wp-block-social-link-label screen-reader-text\">Facebook<\/span><\/a><\/li><\/ul>\r\n\r\n\r\n\r\n<figure class=\"wp-block-image\"><\/figure>\r\n\r\n\r\n\r\n\r\n\r\n\r\n","protected":false},"excerpt":{"rendered":"<p>&nbsp; Podorlick\u00e1 hasi\u010dsk\u00e1 liga je seri\u00e1lem 12ti sout\u011b\u017e\u00ed p\u0159ev\u00e1\u017en\u011b na n\u00e1st\u0159ikov\u00e9 ter\u010de pro kategorie MU\u017dI a \u017dENY. Liga vznikla v roce 2000. (Nav\u00e1zala na seri\u00e1l sout\u011b\u017e\u00ed o Poh\u00e1r p\u0159ednosty okresn\u00edho \u00fa\u0159adu) Jej\u00ed p\u016fsoben\u00ed v dne\u0161n\u00ed dob\u011b zasahuje do rychnovsk\u00e9ho, n\u00e1chodsk\u00e9ho, hradeck\u00e9ho a trutnovsk\u00e9ho okresu a jej\u00edm vyhla\u0161ovatelem je OSH Rychnov nad Kn\u011b\u017enou. &nbsp; &nbsp; &nbsp; &#8230; <a title=\"Podorlick\u00e1 hasi\u010dsk\u00e1 liga\" class=\"read-more\" href=\"https:\/\/www.oshrychnov.cz\/pohl\/\" aria-label=\"Read more about Podorlick\u00e1 hasi\u010dsk\u00e1 liga\">\u010c\u00edst d\u00e1l<\/a><\/p>\n","protected":false},"author":1,"featured_media":0,"parent":0,"menu_order":0,"comment_status":"closed","ping_status":"closed","template":"","meta":{"_monsterinsights_skip_tracking":false,"_monsterinsights_sitenote_active":false,"_monsterinsights_sitenote_note":"","_monsterinsights_sitenote_category":0,"footnotes":""},"class_list":["post-2","page","type-page","status-publish"],"yoast_head":"<!-- This site is optimized with the Yoast SEO plugin v26.8 - https:\/\/yoast.com\/product\/yoast-seo-wordpress\/ -->\n<title>Podorlick\u00e1 hasi\u010dsk\u00e1 liga - Podorlick\u00e1 hasi\u010dsk\u00e1 liga<\/title>\n<meta name=\"description\" content=\"Podorlick\u00e1 hasi\u010dsk\u00e1 liga je seri\u00e1lem sout\u011b\u017e\u00ed v po\u017e\u00e1rn\u00edm \u00fatoku na n\u00e1st\u0159ikov\u00e9 ter\u010de. Sout\u011b\u017ee se mohou z\u00fa\u010dastnit v\u0161echna hasi\u010dsk\u00e1 dru\u017estva z cel\u00e9 \u010cR i ze zahrani\u010d\u00ed na z\u00e1klad\u011b p\u0159ihl\u00e1\u0161ky k jednotliv\u00fdm sout\u011b\u017e\u00edm v kategori\u00edch mu\u017ei a \u017eeny.\" \/>\n<meta name=\"robots\" content=\"index, follow, max-snippet:-1, max-image-preview:large, max-video-preview:-1\" \/>\n<link rel=\"canonical\" href=\"https:\/\/www.oshrychnov.cz\/pohl\/\" \/>\n<meta property=\"og:locale\" content=\"cs_CZ\" \/>\n<meta property=\"og:type\" content=\"article\" \/>\n<meta property=\"og:title\" content=\"Podorlick\u00e1 hasi\u010dsk\u00e1 liga - Podorlick\u00e1 hasi\u010dsk\u00e1 liga\" \/>\n<meta property=\"og:description\" content=\"Podorlick\u00e1 hasi\u010dsk\u00e1 liga je seri\u00e1lem sout\u011b\u017e\u00ed v po\u017e\u00e1rn\u00edm \u00fatoku na n\u00e1st\u0159ikov\u00e9 ter\u010de. Sout\u011b\u017ee se mohou z\u00fa\u010dastnit v\u0161echna hasi\u010dsk\u00e1 dru\u017estva z cel\u00e9 \u010cR i ze zahrani\u010d\u00ed na z\u00e1klad\u011b p\u0159ihl\u00e1\u0161ky k jednotliv\u00fdm sout\u011b\u017e\u00edm v kategori\u00edch mu\u017ei a \u017eeny.\" \/>\n<meta property=\"og:url\" content=\"https:\/\/www.oshrychnov.cz\/pohl\/\" \/>\n<meta property=\"og:site_name\" content=\"Podorlick\u00e1 hasi\u010dsk\u00e1 liga\" \/>\n<meta property=\"article:modified_time\" content=\"2026-03-07T18:14:01+00:00\" \/>\n<meta property=\"og:image\" content=\"https:\/\/www.oshrychnov.cz\/pohl\/wp-content\/uploads\/2026\/03\/2026.jpg\" \/>\n\t<meta property=\"og:image:width\" content=\"1080\" \/>\n\t<meta property=\"og:image:height\" content=\"1920\" \/>\n\t<meta property=\"og:image:type\" content=\"image\/jpeg\" \/>\n<meta name=\"twitter:card\" content=\"summary_large_image\" \/>\n<meta name=\"twitter:label1\" content=\"Odhadovan\u00e1 doba \u010dten\u00ed\" \/>\n\t<meta name=\"twitter:data1\" content=\"1 minuta\" \/>\n<script type=\"application\/ld+json\" class=\"yoast-schema-graph\">{\"@context\":\"https:\/\/schema.org\",\"@graph\":[{\"@type\":\"WebPage\",\"@id\":\"https:\/\/www.oshrychnov.cz\/pohl\/\",\"url\":\"https:\/\/www.oshrychnov.cz\/pohl\/\",\"name\":\"Podorlick\u00e1 hasi\u010dsk\u00e1 liga - Podorlick\u00e1 hasi\u010dsk\u00e1 liga\",\"isPartOf\":{\"@id\":\"https:\/\/www.oshrychnov.cz\/pohl\/#website\"},\"primaryImageOfPage\":{\"@id\":\"https:\/\/www.oshrychnov.cz\/pohl\/#primaryimage\"},\"image\":{\"@id\":\"https:\/\/www.oshrychnov.cz\/pohl\/#primaryimage\"},\"thumbnailUrl\":\"https:\/\/www.oshrychnov.cz\/pohl\/wp-content\/uploads\/2026\/03\/2026.jpg\",\"datePublished\":\"2023-02-06T15:04:08+00:00\",\"dateModified\":\"2026-03-07T18:14:01+00:00\",\"description\":\"Podorlick\u00e1 hasi\u010dsk\u00e1 liga je seri\u00e1lem sout\u011b\u017e\u00ed v po\u017e\u00e1rn\u00edm \u00fatoku na n\u00e1st\u0159ikov\u00e9 ter\u010de. Sout\u011b\u017ee se mohou z\u00fa\u010dastnit v\u0161echna hasi\u010dsk\u00e1 dru\u017estva z cel\u00e9 \u010cR i ze zahrani\u010d\u00ed na z\u00e1klad\u011b p\u0159ihl\u00e1\u0161ky k jednotliv\u00fdm sout\u011b\u017e\u00edm v kategori\u00edch mu\u017ei a \u017eeny.\",\"breadcrumb\":{\"@id\":\"https:\/\/www.oshrychnov.cz\/pohl\/#breadcrumb\"},\"inLanguage\":\"cs\",\"potentialAction\":[{\"@type\":\"ReadAction\",\"target\":[\"https:\/\/www.oshrychnov.cz\/pohl\/\"]}]},{\"@type\":\"ImageObject\",\"inLanguage\":\"cs\",\"@id\":\"https:\/\/www.oshrychnov.cz\/pohl\/#primaryimage\",\"url\":\"\",\"contentUrl\":\"\"},{\"@type\":\"BreadcrumbList\",\"@id\":\"https:\/\/www.oshrychnov.cz\/pohl\/#breadcrumb\",\"itemListElement\":[{\"@type\":\"ListItem\",\"position\":1,\"name\":\"Home\",\"item\":\"https:\/\/www.oshrychnov.cz\/pohl\/\"},{\"@type\":\"ListItem\",\"position\":2,\"name\":\"Podorlick\u00e1 hasi\u010dsk\u00e1 liga\"}]},{\"@type\":\"WebSite\",\"@id\":\"https:\/\/www.oshrychnov.cz\/pohl\/#website\",\"url\":\"https:\/\/www.oshrychnov.cz\/pohl\/\",\"name\":\"Podorlick\u00e1 hasi\u010dsk\u00e1 liga\",\"description\":\"Seri\u00e1l sout\u011b\u017e\u00ed v po\u017e\u00e1rn\u00edm \u00fatoku\",\"potentialAction\":[{\"@type\":\"SearchAction\",\"target\":{\"@type\":\"EntryPoint\",\"urlTemplate\":\"https:\/\/www.oshrychnov.cz\/pohl\/?s={search_term_string}\"},\"query-input\":{\"@type\":\"PropertyValueSpecification\",\"valueRequired\":true,\"valueName\":\"search_term_string\"}}],\"inLanguage\":\"cs\"}]}<\/script>\n<!-- \/ Yoast SEO plugin. -->","yoast_head_json":{"title":"Podorlick\u00e1 hasi\u010dsk\u00e1 liga - Podorlick\u00e1 hasi\u010dsk\u00e1 liga","description":"Podorlick\u00e1 hasi\u010dsk\u00e1 liga je seri\u00e1lem sout\u011b\u017e\u00ed v po\u017e\u00e1rn\u00edm \u00fatoku na n\u00e1st\u0159ikov\u00e9 ter\u010de. Sout\u011b\u017ee se mohou z\u00fa\u010dastnit v\u0161echna hasi\u010dsk\u00e1 dru\u017estva z cel\u00e9 \u010cR i ze zahrani\u010d\u00ed na z\u00e1klad\u011b p\u0159ihl\u00e1\u0161ky k jednotliv\u00fdm sout\u011b\u017e\u00edm v kategori\u00edch mu\u017ei a \u017eeny.","robots":{"index":"index","follow":"follow","max-snippet":"max-snippet:-1","max-image-preview":"max-image-preview:large","max-video-preview":"max-video-preview:-1"},"canonical":"https:\/\/www.oshrychnov.cz\/pohl\/","og_locale":"cs_CZ","og_type":"article","og_title":"Podorlick\u00e1 hasi\u010dsk\u00e1 liga - Podorlick\u00e1 hasi\u010dsk\u00e1 liga","og_description":"Podorlick\u00e1 hasi\u010dsk\u00e1 liga je seri\u00e1lem sout\u011b\u017e\u00ed v po\u017e\u00e1rn\u00edm \u00fatoku na n\u00e1st\u0159ikov\u00e9 ter\u010de. Sout\u011b\u017ee se mohou z\u00fa\u010dastnit v\u0161echna hasi\u010dsk\u00e1 dru\u017estva z cel\u00e9 \u010cR i ze zahrani\u010d\u00ed na z\u00e1klad\u011b p\u0159ihl\u00e1\u0161ky k jednotliv\u00fdm sout\u011b\u017e\u00edm v kategori\u00edch mu\u017ei a \u017eeny.","og_url":"https:\/\/www.oshrychnov.cz\/pohl\/","og_site_name":"Podorlick\u00e1 hasi\u010dsk\u00e1 liga","article_modified_time":"2026-03-07T18:14:01+00:00","og_image":[{"width":1080,"height":1920,"url":"https:\/\/www.oshrychnov.cz\/pohl\/wp-content\/uploads\/2026\/03\/2026.jpg","type":"image\/jpeg"}],"twitter_card":"summary_large_image","twitter_misc":{"Odhadovan\u00e1 doba \u010dten\u00ed":"1 minuta"},"schema":{"@context":"https:\/\/schema.org","@graph":[{"@type":"WebPage","@id":"https:\/\/www.oshrychnov.cz\/pohl\/","url":"https:\/\/www.oshrychnov.cz\/pohl\/","name":"Podorlick\u00e1 hasi\u010dsk\u00e1 liga - Podorlick\u00e1 hasi\u010dsk\u00e1 liga","isPartOf":{"@id":"https:\/\/www.oshrychnov.cz\/pohl\/#website"},"primaryImageOfPage":{"@id":"https:\/\/www.oshrychnov.cz\/pohl\/#primaryimage"},"image":{"@id":"https:\/\/www.oshrychnov.cz\/pohl\/#primaryimage"},"thumbnailUrl":"https:\/\/www.oshrychnov.cz\/pohl\/wp-content\/uploads\/2026\/03\/2026.jpg","datePublished":"2023-02-06T15:04:08+00:00","dateModified":"2026-03-07T18:14:01+00:00","description":"Podorlick\u00e1 hasi\u010dsk\u00e1 liga je seri\u00e1lem sout\u011b\u017e\u00ed v po\u017e\u00e1rn\u00edm \u00fatoku na n\u00e1st\u0159ikov\u00e9 ter\u010de. Sout\u011b\u017ee se mohou z\u00fa\u010dastnit v\u0161echna hasi\u010dsk\u00e1 dru\u017estva z cel\u00e9 \u010cR i ze zahrani\u010d\u00ed na z\u00e1klad\u011b p\u0159ihl\u00e1\u0161ky k jednotliv\u00fdm sout\u011b\u017e\u00edm v kategori\u00edch mu\u017ei a \u017eeny.","breadcrumb":{"@id":"https:\/\/www.oshrychnov.cz\/pohl\/#breadcrumb"},"inLanguage":"cs","potentialAction":[{"@type":"ReadAction","target":["https:\/\/www.oshrychnov.cz\/pohl\/"]}]},{"@type":"ImageObject","inLanguage":"cs","@id":"https:\/\/www.oshrychnov.cz\/pohl\/#primaryimage","url":"","contentUrl":""},{"@type":"BreadcrumbList","@id":"https:\/\/www.oshrychnov.cz\/pohl\/#breadcrumb","itemListElement":[{"@type":"ListItem","position":1,"name":"Home","item":"https:\/\/www.oshrychnov.cz\/pohl\/"},{"@type":"ListItem","position":2,"name":"Podorlick\u00e1 hasi\u010dsk\u00e1 liga"}]},{"@type":"WebSite","@id":"https:\/\/www.oshrychnov.cz\/pohl\/#website","url":"https:\/\/www.oshrychnov.cz\/pohl\/","name":"Podorlick\u00e1 hasi\u010dsk\u00e1 liga","description":"Seri\u00e1l sout\u011b\u017e\u00ed v po\u017e\u00e1rn\u00edm \u00fatoku","potentialAction":[{"@type":"SearchAction","target":{"@type":"EntryPoint","urlTemplate":"https:\/\/www.oshrychnov.cz\/pohl\/?s={search_term_string}"},"query-input":{"@type":"PropertyValueSpecification","valueRequired":true,"valueName":"search_term_string"}}],"inLanguage":"cs"}]}},"_links":{"self":[{"href":"https:\/\/www.oshrychnov.cz\/pohl\/index.php\/wp-json\/wp\/v2\/pages\/2","targetHints":{"allow":["GET"]}}],"collection":[{"href":"https:\/\/www.oshrychnov.cz\/pohl\/index.php\/wp-json\/wp\/v2\/pages"}],"about":[{"href":"https:\/\/www.oshrychnov.cz\/pohl\/index.php\/wp-json\/wp\/v2\/types\/page"}],"author":[{"embeddable":true,"href":"https:\/\/www.oshrychnov.cz\/pohl\/index.php\/wp-json\/wp\/v2\/users\/1"}],"replies":[{"embeddable":true,"href":"https:\/\/www.oshrychnov.cz\/pohl\/index.php\/wp-json\/wp\/v2\/comments?post=2"}],"version-history":[{"count":8,"href":"https:\/\/www.oshrychnov.cz\/pohl\/index.php\/wp-json\/wp\/v2\/pages\/2\/revisions"}],"predecessor-version":[{"id":659,"href":"https:\/\/www.oshrychnov.cz\/pohl\/index.php\/wp-json\/wp\/v2\/pages\/2\/revisions\/659"}],"wp:attachment":[{"href":"https:\/\/www.oshrychnov.cz\/pohl\/index.php\/wp-json\/wp\/v2\/media?parent=2"}],"curies":[{"name":"wp","href":"https:\/\/api.w.org\/{rel}","templated":true}]}}