{"id":173,"date":"2023-03-29T18:52:49","date_gmt":"2023-03-29T16:52:49","guid":{"rendered":"https:\/\/www.oshrychnov.cz\/pohl\/?page_id=173"},"modified":"2026-03-07T19:15:00","modified_gmt":"2026-03-07T18:15:00","slug":"tabulka-body-2023","status":"publish","type":"page","link":"https:\/\/www.oshrychnov.cz\/pohl\/index.php\/tabulka-body-2023\/","title":{"rendered":"Bodov\u00e9 tabulky"},"content":{"rendered":"\r\n<p><em><strong>Tabulky budou aktualizov\u00e1ny v\u017edy do 48h od skon\u010den\u00ed sout\u011b\u017ee.<\/strong><\/em><\/p>\r\n<p>&nbsp;<\/p>\r\n<p>&nbsp;<\/p>\r\n<p class=\"has-text-align-center\">\u00a0<\/p>\r\n<p>&nbsp;<\/p>\r\n<p>&nbsp;<\/p>\r\n<p class=\"has-text-align-center\"><strong><mark class=\"has-inline-color has-base-3-color\" style=\"background-color: var(--accent);\"> LISTINY 2023<\/mark><\/strong><\/p>\r\n\r\n\r\n\r\n<div class=\"wp-block-file\"><a id=\"wp-block-file--media-d857cc44-80eb-4854-8936-c8a56785a858\" href=\"https:\/\/www.oshrychnov.cz\/pohl\/wp-content\/uploads\/2023\/05\/HOUDKOVICE-2023.xls\">HOUDKOVICE-2023<\/a><a class=\"wp-block-file__button wp-element-button\" href=\"https:\/\/www.oshrychnov.cz\/pohl\/wp-content\/uploads\/2023\/05\/HOUDKOVICE-2023.xls\" download=\"\" aria-describedby=\"wp-block-file--media-d857cc44-80eb-4854-8936-c8a56785a858\">St\u00e1hnout<\/a><\/div>\r\n\r\n\r\n\r\n<div class=\"wp-block-file\"><a id=\"wp-block-file--media-a0929bdc-f557-447d-91c4-e8e31b194bc8\" href=\"https:\/\/www.oshrychnov.cz\/pohl\/wp-content\/uploads\/2023\/05\/NAHORANY-2023.xls\">NAHORANY-2023<\/a><a class=\"wp-block-file__button wp-element-button\" href=\"https:\/\/www.oshrychnov.cz\/pohl\/wp-content\/uploads\/2023\/05\/NAHORANY-2023.xls\" download=\"\" aria-describedby=\"wp-block-file--media-a0929bdc-f557-447d-91c4-e8e31b194bc8\">St\u00e1hnout<\/a><\/div>\r\n\r\n\r\n\r\n<div class=\"wp-block-file\"><a id=\"wp-block-file--media-44ba7bcd-9fdf-46b0-90fd-c1a1e9d217e1\" href=\"https:\/\/www.oshrychnov.cz\/pohl\/wp-content\/uploads\/2023\/05\/VRBICE-2023.xls\">VRBICE-2023<\/a><a class=\"wp-block-file__button wp-element-button\" href=\"https:\/\/www.oshrychnov.cz\/pohl\/wp-content\/uploads\/2023\/05\/VRBICE-2023.xls\" download=\"\" aria-describedby=\"wp-block-file--media-44ba7bcd-9fdf-46b0-90fd-c1a1e9d217e1\">St\u00e1hnout<\/a><\/div>\r\n\r\n\r\n\r\n<div class=\"wp-block-file\"><a href=\"https:\/\/www.oshrychnov.cz\/pohl\/wp-content\/uploads\/2024\/01\/Placice-2023.xls\">PLA\u010cICE &#8211; 2023 St\u00e1hnout<\/a><\/div>\r\n\r\n\r\n\r\n<div class=\"wp-block-file\"><a id=\"wp-block-file--media-da1c12a4-9728-4f69-a544-c543094e3e15\" href=\"https:\/\/www.oshrychnov.cz\/pohl\/wp-content\/uploads\/2023\/06\/SEMECHNICE-2023.xls\">SEMECHNICE-2023<\/a><a class=\"wp-block-file__button wp-element-button\" href=\"https:\/\/www.oshrychnov.cz\/pohl\/wp-content\/uploads\/2023\/06\/SEMECHNICE-2023.xls\" download=\"\" aria-describedby=\"wp-block-file--media-da1c12a4-9728-4f69-a544-c543094e3e15\">St\u00e1hnout<\/a><\/div>\r\n\r\n\r\n\r\n<div class=\"wp-block-file\"><a id=\"wp-block-file--media-28f32a6b-770e-4786-9069-50f414f56ab3\" href=\"https:\/\/www.oshrychnov.cz\/pohl\/wp-content\/uploads\/2023\/08\/SNEZNE-2023.xls\">SNEZNE-2023<\/a><a class=\"wp-block-file__button wp-element-button\" href=\"https:\/\/www.oshrychnov.cz\/pohl\/wp-content\/uploads\/2023\/08\/SNEZNE-2023.xls\" download=\"\" aria-describedby=\"wp-block-file--media-28f32a6b-770e-4786-9069-50f414f56ab3\">St\u00e1hnout<\/a><\/div>\r\n\r\n\r\n\r\n<div class=\"wp-block-file\"><a id=\"wp-block-file--media-b1cb20cd-f562-48c2-9247-e4fb877d3a56\" href=\"https:\/\/www.oshrychnov.cz\/pohl\/wp-content\/uploads\/2023\/08\/MEZIMESTI-2023.xlsx\">MEZIMESTI-2023<\/a><a class=\"wp-block-file__button wp-element-button\" href=\"https:\/\/www.oshrychnov.cz\/pohl\/wp-content\/uploads\/2023\/08\/MEZIMESTI-2023.xlsx\" download=\"\" aria-describedby=\"wp-block-file--media-b1cb20cd-f562-48c2-9247-e4fb877d3a56\">St\u00e1hnout<\/a><\/div>\r\n\r\n\r\n\r\n<div class=\"wp-block-file\"><a id=\"wp-block-file--media-490b71f3-fc54-464e-8307-766f6c2bc2d2\" href=\"https:\/\/www.oshrychnov.cz\/pohl\/wp-content\/uploads\/2023\/08\/LUKAVICE-2023.xls\">LUKAVICE-2023<\/a><a class=\"wp-block-file__button wp-element-button\" href=\"https:\/\/www.oshrychnov.cz\/pohl\/wp-content\/uploads\/2023\/08\/LUKAVICE-2023.xls\" download=\"\" aria-describedby=\"wp-block-file--media-490b71f3-fc54-464e-8307-766f6c2bc2d2\">St\u00e1hnout<\/a><\/div>\r\n\r\n\r\n\r\n<div class=\"wp-block-file\"><a id=\"wp-block-file--media-e7c1d325-2945-4ad4-84fc-3a83d6144884\" href=\"https:\/\/www.oshrychnov.cz\/pohl\/wp-content\/uploads\/2023\/08\/VYSOKOV-2023.xls\">VYSOKOV-2023<\/a><a class=\"wp-block-file__button wp-element-button\" href=\"https:\/\/www.oshrychnov.cz\/pohl\/wp-content\/uploads\/2023\/08\/VYSOKOV-2023.xls\" download=\"\" aria-describedby=\"wp-block-file--media-e7c1d325-2945-4ad4-84fc-3a83d6144884\">St\u00e1hnout<\/a><\/div>\r\n\r\n\r\n\r\n<div class=\"wp-block-file\"><a id=\"wp-block-file--media-e632713f-bc5e-4013-8306-4710d8e953c4\" href=\"https:\/\/www.oshrychnov.cz\/pohl\/wp-content\/uploads\/2023\/09\/OPOCNO-2023.xls\">OPOCNO-2023<\/a><a class=\"wp-block-file__button wp-element-button\" href=\"https:\/\/www.oshrychnov.cz\/pohl\/wp-content\/uploads\/2023\/09\/OPOCNO-2023.xls\" download=\"\" aria-describedby=\"wp-block-file--media-e632713f-bc5e-4013-8306-4710d8e953c4\">St\u00e1hnout<\/a><\/div>\r\n\r\n\r\n\r\n<div class=\"wp-block-file\"><a id=\"wp-block-file--media-2da7d832-3c3a-4d00-b827-cb588a129a97\" href=\"https:\/\/www.oshrychnov.cz\/pohl\/wp-content\/uploads\/2023\/09\/LODIN-2023.xls\">LODIN-2023<\/a><a class=\"wp-block-file__button wp-element-button\" href=\"https:\/\/www.oshrychnov.cz\/pohl\/wp-content\/uploads\/2023\/09\/LODIN-2023.xls\" download=\"\" aria-describedby=\"wp-block-file--media-2da7d832-3c3a-4d00-b827-cb588a129a97\">St\u00e1hnout<\/a><\/div>\r\n\r\n\r\n\r\n<div class=\"wp-block-file\"><a id=\"wp-block-file--media-f76a3a94-fd46-4b2a-a0d4-519b41b97db4\" href=\"https:\/\/www.oshrychnov.cz\/pohl\/wp-content\/uploads\/2023\/09\/CASTOLOVICE-2023.xls\">CASTOLOVICE-2023<\/a><a class=\"wp-block-file__button wp-element-button\" href=\"https:\/\/www.oshrychnov.cz\/pohl\/wp-content\/uploads\/2023\/09\/CASTOLOVICE-2023.xls\" download=\"\" aria-describedby=\"wp-block-file--media-f76a3a94-fd46-4b2a-a0d4-519b41b97db4\">St\u00e1hnout<\/a><\/div>\r\n","protected":false},"excerpt":{"rendered":"<p>Tabulky budou aktualizov\u00e1ny v\u017edy do 48h od skon\u010den\u00ed sout\u011b\u017ee. &nbsp; &nbsp; \u00a0 &nbsp; &nbsp; LISTINY 2023<\/p>\n","protected":false},"author":1,"featured_media":0,"parent":0,"menu_order":0,"comment_status":"closed","ping_status":"closed","template":"","meta":{"_monsterinsights_skip_tracking":false,"_monsterinsights_sitenote_active":false,"_monsterinsights_sitenote_note":"","_monsterinsights_sitenote_category":0,"footnotes":""},"class_list":["post-173","page","type-page","status-publish"],"yoast_head":"<!-- This site is optimized with the Yoast SEO plugin v26.8 - https:\/\/yoast.com\/product\/yoast-seo-wordpress\/ -->\n<title>Bodov\u00e9 tabulky - Podorlick\u00e1 hasi\u010dsk\u00e1 liga<\/title>\n<meta name=\"description\" content=\"Aktu\u00e1ln\u00ed bodov\u00e9 ohodnocen\u00ed sout\u011b\u017en\u00edch t\u00fdm\u016f v ro\u010dn\u00edku 2023.\" \/>\n<meta name=\"robots\" content=\"index, follow, max-snippet:-1, max-image-preview:large, max-video-preview:-1\" \/>\n<link rel=\"canonical\" href=\"https:\/\/www.oshrychnov.cz\/pohl\/index.php\/tabulka-body-2023\/\" \/>\n<meta property=\"og:locale\" content=\"cs_CZ\" \/>\n<meta property=\"og:type\" content=\"article\" \/>\n<meta property=\"og:title\" content=\"Bodov\u00e9 tabulky - Podorlick\u00e1 hasi\u010dsk\u00e1 liga\" \/>\n<meta property=\"og:description\" content=\"Aktu\u00e1ln\u00ed bodov\u00e9 ohodnocen\u00ed sout\u011b\u017en\u00edch t\u00fdm\u016f v ro\u010dn\u00edku 2023.\" \/>\n<meta property=\"og:url\" content=\"https:\/\/www.oshrychnov.cz\/pohl\/index.php\/tabulka-body-2023\/\" \/>\n<meta property=\"og:site_name\" content=\"Podorlick\u00e1 hasi\u010dsk\u00e1 liga\" \/>\n<meta property=\"article:modified_time\" content=\"2026-03-07T18:15:00+00:00\" \/>\n<meta name=\"twitter:card\" content=\"summary_large_image\" \/>\n<meta name=\"twitter:label1\" content=\"Odhadovan\u00e1 doba \u010dten\u00ed\" \/>\n\t<meta name=\"twitter:data1\" content=\"1 minuta\" \/>\n<script type=\"application\/ld+json\" class=\"yoast-schema-graph\">{\"@context\":\"https:\/\/schema.org\",\"@graph\":[{\"@type\":\"WebPage\",\"@id\":\"https:\/\/www.oshrychnov.cz\/pohl\/index.php\/tabulka-body-2023\/\",\"url\":\"https:\/\/www.oshrychnov.cz\/pohl\/index.php\/tabulka-body-2023\/\",\"name\":\"Bodov\u00e9 tabulky - Podorlick\u00e1 hasi\u010dsk\u00e1 liga\",\"isPartOf\":{\"@id\":\"https:\/\/www.oshrychnov.cz\/pohl\/#website\"},\"datePublished\":\"2023-03-29T16:52:49+00:00\",\"dateModified\":\"2026-03-07T18:15:00+00:00\",\"description\":\"Aktu\u00e1ln\u00ed bodov\u00e9 ohodnocen\u00ed sout\u011b\u017en\u00edch t\u00fdm\u016f v ro\u010dn\u00edku 2023.\",\"breadcrumb\":{\"@id\":\"https:\/\/www.oshrychnov.cz\/pohl\/index.php\/tabulka-body-2023\/#breadcrumb\"},\"inLanguage\":\"cs\",\"potentialAction\":[{\"@type\":\"ReadAction\",\"target\":[\"https:\/\/www.oshrychnov.cz\/pohl\/index.php\/tabulka-body-2023\/\"]}]},{\"@type\":\"BreadcrumbList\",\"@id\":\"https:\/\/www.oshrychnov.cz\/pohl\/index.php\/tabulka-body-2023\/#breadcrumb\",\"itemListElement\":[{\"@type\":\"ListItem\",\"position\":1,\"name\":\"Home\",\"item\":\"https:\/\/www.oshrychnov.cz\/pohl\/\"},{\"@type\":\"ListItem\",\"position\":2,\"name\":\"Bodov\u00e9 tabulky\"}]},{\"@type\":\"WebSite\",\"@id\":\"https:\/\/www.oshrychnov.cz\/pohl\/#website\",\"url\":\"https:\/\/www.oshrychnov.cz\/pohl\/\",\"name\":\"Podorlick\u00e1 hasi\u010dsk\u00e1 liga\",\"description\":\"Seri\u00e1l sout\u011b\u017e\u00ed v po\u017e\u00e1rn\u00edm \u00fatoku\",\"potentialAction\":[{\"@type\":\"SearchAction\",\"target\":{\"@type\":\"EntryPoint\",\"urlTemplate\":\"https:\/\/www.oshrychnov.cz\/pohl\/?s={search_term_string}\"},\"query-input\":{\"@type\":\"PropertyValueSpecification\",\"valueRequired\":true,\"valueName\":\"search_term_string\"}}],\"inLanguage\":\"cs\"}]}<\/script>\n<!-- \/ Yoast SEO plugin. -->","yoast_head_json":{"title":"Bodov\u00e9 tabulky - Podorlick\u00e1 hasi\u010dsk\u00e1 liga","description":"Aktu\u00e1ln\u00ed bodov\u00e9 ohodnocen\u00ed sout\u011b\u017en\u00edch t\u00fdm\u016f v ro\u010dn\u00edku 2023.","robots":{"index":"index","follow":"follow","max-snippet":"max-snippet:-1","max-image-preview":"max-image-preview:large","max-video-preview":"max-video-preview:-1"},"canonical":"https:\/\/www.oshrychnov.cz\/pohl\/index.php\/tabulka-body-2023\/","og_locale":"cs_CZ","og_type":"article","og_title":"Bodov\u00e9 tabulky - Podorlick\u00e1 hasi\u010dsk\u00e1 liga","og_description":"Aktu\u00e1ln\u00ed bodov\u00e9 ohodnocen\u00ed sout\u011b\u017en\u00edch t\u00fdm\u016f v ro\u010dn\u00edku 2023.","og_url":"https:\/\/www.oshrychnov.cz\/pohl\/index.php\/tabulka-body-2023\/","og_site_name":"Podorlick\u00e1 hasi\u010dsk\u00e1 liga","article_modified_time":"2026-03-07T18:15:00+00:00","twitter_card":"summary_large_image","twitter_misc":{"Odhadovan\u00e1 doba \u010dten\u00ed":"1 minuta"},"schema":{"@context":"https:\/\/schema.org","@graph":[{"@type":"WebPage","@id":"https:\/\/www.oshrychnov.cz\/pohl\/index.php\/tabulka-body-2023\/","url":"https:\/\/www.oshrychnov.cz\/pohl\/index.php\/tabulka-body-2023\/","name":"Bodov\u00e9 tabulky - Podorlick\u00e1 hasi\u010dsk\u00e1 liga","isPartOf":{"@id":"https:\/\/www.oshrychnov.cz\/pohl\/#website"},"datePublished":"2023-03-29T16:52:49+00:00","dateModified":"2026-03-07T18:15:00+00:00","description":"Aktu\u00e1ln\u00ed bodov\u00e9 ohodnocen\u00ed sout\u011b\u017en\u00edch t\u00fdm\u016f v ro\u010dn\u00edku 2023.","breadcrumb":{"@id":"https:\/\/www.oshrychnov.cz\/pohl\/index.php\/tabulka-body-2023\/#breadcrumb"},"inLanguage":"cs","potentialAction":[{"@type":"ReadAction","target":["https:\/\/www.oshrychnov.cz\/pohl\/index.php\/tabulka-body-2023\/"]}]},{"@type":"BreadcrumbList","@id":"https:\/\/www.oshrychnov.cz\/pohl\/index.php\/tabulka-body-2023\/#breadcrumb","itemListElement":[{"@type":"ListItem","position":1,"name":"Home","item":"https:\/\/www.oshrychnov.cz\/pohl\/"},{"@type":"ListItem","position":2,"name":"Bodov\u00e9 tabulky"}]},{"@type":"WebSite","@id":"https:\/\/www.oshrychnov.cz\/pohl\/#website","url":"https:\/\/www.oshrychnov.cz\/pohl\/","name":"Podorlick\u00e1 hasi\u010dsk\u00e1 liga","description":"Seri\u00e1l sout\u011b\u017e\u00ed v po\u017e\u00e1rn\u00edm \u00fatoku","potentialAction":[{"@type":"SearchAction","target":{"@type":"EntryPoint","urlTemplate":"https:\/\/www.oshrychnov.cz\/pohl\/?s={search_term_string}"},"query-input":{"@type":"PropertyValueSpecification","valueRequired":true,"valueName":"search_term_string"}}],"inLanguage":"cs"}]}},"_links":{"self":[{"href":"https:\/\/www.oshrychnov.cz\/pohl\/index.php\/wp-json\/wp\/v2\/pages\/173","targetHints":{"allow":["GET"]}}],"collection":[{"href":"https:\/\/www.oshrychnov.cz\/pohl\/index.php\/wp-json\/wp\/v2\/pages"}],"about":[{"href":"https:\/\/www.oshrychnov.cz\/pohl\/index.php\/wp-json\/wp\/v2\/types\/page"}],"author":[{"embeddable":true,"href":"https:\/\/www.oshrychnov.cz\/pohl\/index.php\/wp-json\/wp\/v2\/users\/1"}],"replies":[{"embeddable":true,"href":"https:\/\/www.oshrychnov.cz\/pohl\/index.php\/wp-json\/wp\/v2\/comments?post=173"}],"version-history":[{"count":7,"href":"https:\/\/www.oshrychnov.cz\/pohl\/index.php\/wp-json\/wp\/v2\/pages\/173\/revisions"}],"predecessor-version":[{"id":660,"href":"https:\/\/www.oshrychnov.cz\/pohl\/index.php\/wp-json\/wp\/v2\/pages\/173\/revisions\/660"}],"wp:attachment":[{"href":"https:\/\/www.oshrychnov.cz\/pohl\/index.php\/wp-json\/wp\/v2\/media?parent=173"}],"curies":[{"name":"wp","href":"https:\/\/api.w.org\/{rel}","templated":true}]}}