{"id":320,"date":"2022-06-12T19:48:51","date_gmt":"2022-06-12T17:48:51","guid":{"rendered":"https:\/\/www.oshrychnov.cz\/mladez\/?page_id=320"},"modified":"2024-08-26T19:56:41","modified_gmt":"2024-08-26T17:56:41","slug":"liga-hasicske-mladeze-2018-2019","status":"publish","type":"page","link":"https:\/\/www.oshrychnov.cz\/mladez\/liga-mladeze\/liga-hasicske-mladeze-2018-2019\/","title":{"rendered":"Liga hasi\u010dsk\u00e9 ml\u00e1de\u017ee 2018 &#8211; 2019"},"content":{"rendered":"<div align=\"center\">\n<table border=\"0\">\n<tbody>\n<tr>\n<td><b>PRAVIDLA LIGY ML\u00c1DE\u017dE<\/b><\/td>\n<td align=\"center\"><a href=\"https:\/\/www.oshrychnov.cz\/mladez\/wp-content\/uploads\/2022\/08\/pravidlaligymladeze_201819.pdf\"><img loading=\"lazy\" decoding=\"async\" class=\"alignnone wp-image-170\" src=\"http:\/\/www.oshrychnov.cz\/wp-content\/uploads\/2016\/12\/pdf2-242x300.png\" alt=\"\" width=\"30\" height=\"37\" \/><\/a><\/td>\n<\/tr>\n<\/tbody>\n<\/table>\n<p>&nbsp;<\/p>\n<table style=\"border-collapse: collapse; width: 68.2104%; height: 319px;\">\n<tbody>\n<tr>\n<td style=\"width: 11.8317%;\" rowspan=\"2\"><\/td>\n<td style=\"width: 45.3111%; text-align: center;\" colspan=\"3\"><span style=\"font-size: 8pt;\">Mlad\u0161\u00ed<\/span><\/td>\n<td style=\"width: 42.2436%; text-align: center;\" colspan=\"3\"><span style=\"font-size: 8pt;\">Star\u0161\u00ed<\/span><\/td>\n<\/tr>\n<tr>\n<td style=\"width: 15.5127%; text-align: center;\"><span style=\"font-size: 8pt;\">1.&nbsp;m\u00edsto<\/span><\/td>\n<td style=\"width: 14.4391%; text-align: center;\"><span style=\"font-size: 8pt;\">2.&nbsp;m\u00edsto<\/span><\/td>\n<td style=\"width: 15.3593%; text-align: center;\"><span style=\"font-size: 8pt;\">3.&nbsp;m\u00edsto<\/span><\/td>\n<td style=\"width: 14.2857%; text-align: center;\"><span style=\"font-size: 8pt;\">1.m\u00edsto<\/span><\/td>\n<td style=\"width: 14.2857%; text-align: center;\"><span style=\"font-size: 8pt;\">2.m\u00edsto<\/span><\/td>\n<td style=\"width: 13.6722%; text-align: center;\"><span style=\"font-size: 8pt;\">3.m\u00edsto<\/span><\/td>\n<\/tr>\n<tr>\n<td style=\"width: 11.8317%;\"><span style=\"font-size: 8pt;\">Lukavice<\/span><\/td>\n<td style=\"width: 15.5127%; text-align: center;\"><span style=\"font-size: 8pt;\"><strong>Bystr\u00e9<\/strong><\/span><\/td>\n<td style=\"width: 14.4391%; text-align: center;\"><span style=\"font-size: 8pt;\"><strong>Ole\u0161nice v&nbsp;O.h.<\/strong><\/span><\/td>\n<td style=\"width: 15.3593%; text-align: center;\"><span style=\"font-size: 8pt;\"><strong>Ole\u0161nice u RK<\/strong><\/span><\/td>\n<td style=\"width: 14.2857%; text-align: center;\"><span style=\"font-size: 8pt;\"><strong>Houdkovice<\/strong><\/span><\/td>\n<td style=\"width: 14.2857%; text-align: center;\"><span style=\"font-size: 8pt;\"><strong>K\u0159ovice<\/strong><\/span><\/td>\n<td style=\"width: 13.6722%; text-align: center;\"><span style=\"font-size: 8pt;\"><strong>Opo\u010dno I<\/strong><\/span><\/td>\n<\/tr>\n<tr>\n<td style=\"width: 11.8317%;\"><span style=\"font-size: 8pt;\">Provoz<\/span><\/td>\n<td style=\"width: 15.5127%; text-align: center;\"><span style=\"font-size: 8pt;\"><strong>Ohni\u0161ov<\/strong><\/span><\/td>\n<td style=\"width: 14.4391%; text-align: center;\"><span style=\"font-size: 8pt;\"><strong>Houdkovice<\/strong><\/span><\/td>\n<td style=\"width: 15.3593%; text-align: center;\"><span style=\"font-size: 8pt;\"><strong>T\u0159ebe\u0161ov<\/strong><\/span><\/td>\n<td style=\"width: 14.2857%; text-align: center;\"><span style=\"font-size: 8pt;\"><strong>Houdkovice<\/strong><\/span><\/td>\n<td style=\"width: 14.2857%; text-align: center;\"><span style=\"font-size: 8pt;\"><strong>T\u0159ebe\u0161ov<\/strong><\/span><\/td>\n<td style=\"width: 13.6722%; text-align: center;\"><span style=\"font-size: 8pt;\"><strong>Kvasiny<\/strong><\/span><\/td>\n<\/tr>\n<tr>\n<td style=\"width: 11.8317%;\"><span style=\"font-size: 8pt;\">Bystr\u00e9<\/span><\/td>\n<td style=\"width: 15.5127%; text-align: center;\"><span style=\"font-size: 8pt;\"><strong>Bystr\u00e9<\/strong><\/span><\/td>\n<td style=\"width: 14.4391%; text-align: center;\"><span style=\"font-size: 8pt;\"><strong>Houdkovice<\/strong><\/span><\/td>\n<td style=\"width: 15.3593%; text-align: center;\"><span style=\"font-size: 8pt;\"><strong>Lukavice A<\/strong><\/span><\/td>\n<td style=\"width: 14.2857%; text-align: center;\"><span style=\"font-size: 8pt;\"><strong>Houdkovice <\/strong><\/span><\/td>\n<td style=\"width: 14.2857%; text-align: center;\"><span style=\"font-size: 8pt;\"><strong>J\u00edlovice I<\/strong><\/span><\/td>\n<td style=\"width: 13.6722%; text-align: center;\"><span style=\"font-size: 8pt;\"><strong>T\u0159ebe\u0161ov<\/strong><\/span><\/td>\n<\/tr>\n<tr>\n<td style=\"width: 11.8317%;\"><span style=\"font-size: 8pt;\">Houdkovice<\/span><\/td>\n<td style=\"width: 15.5127%; text-align: center;\"><span style=\"font-size: 8pt;\"><strong>Houdkovice<\/strong><\/span><\/td>\n<td style=\"width: 14.4391%; text-align: center;\"><span style=\"font-size: 8pt;\"><strong>Ohni\u0161ov<\/strong><\/span><\/td>\n<td style=\"width: 15.3593%; text-align: center;\"><span style=\"font-size: 8pt;\"><strong>Bystr\u00e9<\/strong><\/span><\/td>\n<td style=\"width: 14.2857%; text-align: center;\"><span style=\"font-size: 8pt;\"><strong>Houdkovice<\/strong><\/span><\/td>\n<td style=\"width: 14.2857%; text-align: center;\"><span style=\"font-size: 8pt;\"><strong>Opo\u010dno I<\/strong><\/span><\/td>\n<td style=\"width: 13.6722%; text-align: center;\"><span style=\"font-size: 8pt;\"><strong>\u010cern\u00edkovice<\/strong><\/span><\/td>\n<\/tr>\n<tr>\n<td style=\"width: 11.8317%;\"><span style=\"font-size: 8pt;\">Kvasiny<\/span><\/td>\n<td style=\"width: 15.5127%; text-align: center;\"><span style=\"font-size: 8pt;\"><strong>Ohni\u0161ov<\/strong><\/span><\/td>\n<td style=\"width: 14.4391%; text-align: center;\"><span style=\"font-size: 8pt;\"><strong>Rokytnice v&nbsp;O.h.<\/strong><\/span><\/td>\n<td style=\"width: 15.3593%; text-align: center;\"><span style=\"font-size: 8pt;\"><strong>Houdkovice<\/strong><\/span><\/td>\n<td style=\"width: 14.2857%; text-align: center;\"><span style=\"font-size: 8pt;\"><strong>Kvasiny<\/strong><\/span><\/td>\n<td style=\"width: 14.2857%; text-align: center;\"><span style=\"font-size: 8pt;\"><strong>K\u0159ovice<\/strong><\/span><\/td>\n<td style=\"width: 13.6722%; text-align: center;\"><span style=\"font-size: 8pt;\"><strong>Ledce<\/strong><\/span><\/td>\n<\/tr>\n<tr>\n<td style=\"width: 11.8317%;\"><span style=\"font-size: 8pt;\">J\u00edlovice<\/span><\/td>\n<td style=\"width: 15.5127%; text-align: center;\"><span style=\"font-size: 8pt;\"><strong>Lib\u0159ice<\/strong><\/span><\/td>\n<td style=\"width: 14.4391%; text-align: center;\"><span style=\"font-size: 8pt;\"><strong>\u010c\u00e1nka<\/strong><\/span><\/td>\n<td style=\"width: 15.3593%; text-align: center;\"><span style=\"font-size: 8pt;\"><strong>Bystr\u00e9<\/strong><\/span><\/td>\n<td style=\"width: 14.2857%; text-align: center;\"><span style=\"font-size: 8pt;\"><strong>K\u0159ovice<\/strong><\/span><\/td>\n<td style=\"width: 14.2857%; text-align: center;\"><span style=\"font-size: 8pt;\"><strong>V\u00fdrava<\/strong><\/span><\/td>\n<td style=\"width: 13.6722%; text-align: center;\"><span style=\"font-size: 8pt;\"><strong>Opo\u010dno I<\/strong><\/span><\/td>\n<\/tr>\n<tr>\n<td style=\"width: 11.8317%;\"><span style=\"font-size: 8pt;\">Opo\u010dno<\/span><\/td>\n<td style=\"width: 15.5127%; text-align: center;\"><span style=\"font-size: 8pt;\"><strong>Houdkovice<\/strong><\/span><\/td>\n<td style=\"width: 14.4391%; text-align: center;\"><span style=\"font-size: 8pt;\"><strong>Lib\u0159ice<\/strong><\/span><\/td>\n<td style=\"width: 15.3593%; text-align: center;\"><span style=\"font-size: 8pt;\"><strong>Bystr\u00e9<\/strong><\/span><\/td>\n<td style=\"width: 14.2857%; text-align: center;\"><span style=\"font-size: 8pt;\"><strong>Opo\u010dno I<\/strong><\/span><\/td>\n<td style=\"width: 14.2857%; text-align: center;\"><span style=\"font-size: 8pt;\"><strong>Provoz <\/strong><\/span><\/td>\n<td style=\"width: 13.6722%; text-align: center;\"><span style=\"font-size: 8pt;\"><strong>T\u0159ebe\u0161ov<\/strong><\/span><\/td>\n<\/tr>\n<tr>\n<td style=\"width: 11.8317%;\"><span style=\"font-size: 8pt;\">\u010c\u00e1nka<\/span><\/td>\n<td style=\"width: 15.5127%; text-align: center;\"><span style=\"font-size: 8pt;\"><strong>Lib\u0159ice<\/strong><\/span><\/td>\n<td style=\"width: 14.4391%; text-align: center;\"><span style=\"font-size: 8pt;\"><strong>V\u00fdrava<\/strong><\/span><\/td>\n<td style=\"width: 15.3593%; text-align: center;\"><span style=\"font-size: 8pt;\"><strong>Houdkovice<\/strong><\/span><\/td>\n<td style=\"width: 14.2857%; text-align: center;\"><span style=\"font-size: 8pt;\"><strong>Opo\u010dno I<\/strong><\/span><\/td>\n<td style=\"width: 14.2857%; text-align: center;\"><span style=\"font-size: 8pt;\"><strong>V\u00fdrava<\/strong><\/span><\/td>\n<td style=\"width: 13.6722%; text-align: center;\"><span style=\"font-size: 8pt;\"><strong>Provoz<\/strong><\/span><\/td>\n<\/tr>\n<tr>\n<td style=\"width: 11.8317%;\"><span style=\"font-size: 8pt;\">Ledce<\/span><\/td>\n<td style=\"width: 15.5127%; text-align: center;\"><span style=\"font-size: 8pt;\"><strong>Houdkovice<\/strong><\/span><\/td>\n<td style=\"width: 14.4391%; text-align: center;\"><span style=\"font-size: 8pt;\"><strong>R\u00e1jec<\/strong><\/span><\/td>\n<td style=\"width: 15.3593%; text-align: center;\"><span style=\"font-size: 8pt;\"><strong>Ledce<\/strong><\/span><\/td>\n<td style=\"width: 14.2857%; text-align: center;\"><span style=\"font-size: 8pt;\"><strong>Houdkovice<\/strong><\/span><\/td>\n<td style=\"width: 14.2857%; text-align: center;\"><span style=\"font-size: 8pt;\"><strong>J\u00edlovice B<\/strong><\/span><\/td>\n<td style=\"width: 13.6722%; text-align: center;\"><span style=\"font-size: 8pt;\"><strong>V\u00fdrava<\/strong><\/span><\/td>\n<\/tr>\n<tr>\n<td style=\"width: 11.8317%;\"><span style=\"font-size: 8pt;\">K\u0159ovice<\/span><\/td>\n<td style=\"width: 15.5127%; text-align: center;\"><span style=\"font-size: 8pt;\"><strong>Bystr\u00e9<\/strong><\/span><\/td>\n<td style=\"width: 14.4391%; text-align: center;\"><span style=\"font-size: 8pt;\"><strong>R\u00e1jec<\/strong><\/span><\/td>\n<td style=\"width: 15.3593%; text-align: center;\"><span style=\"font-size: 8pt;\"><strong>Lib\u0159ice<\/strong><\/span><\/td>\n<td style=\"width: 14.2857%; text-align: center;\"><span style=\"font-size: 8pt;\"><strong>V\u00fdrava<\/strong><\/span><\/td>\n<td style=\"width: 14.2857%; text-align: center;\"><span style=\"font-size: 8pt;\"><strong>Houdkovice<\/strong><\/span><\/td>\n<td style=\"width: 13.6722%; text-align: center;\"><span style=\"font-size: 8pt;\"><strong>K\u0159ovice<\/strong><\/span><\/td>\n<\/tr>\n<\/tbody>\n<\/table>\n<\/div>\n<table border=\"1\" width=\"100%\"><!-- MSTableType=\"nolayout\" --><\/table>\n<p style=\"text-align: center;\"><span style=\"color: #ff0000;\"><a style=\"color: #ff0000;\" href=\"https:\/\/www.oshrychnov.cz\/mladez\/wp-content\/uploads\/2022\/08\/ligamladeze1819_poradi.pdf\"><strong>CELKOV\u00c9 PO\u0158AD\u00cd RO\u010cN\u00cdKU<\/strong><\/a><\/span><\/p>\n","protected":false},"excerpt":{"rendered":"<p>PRAVIDLA LIGY ML\u00c1DE\u017dE &nbsp; Mlad\u0161\u00ed Star\u0161\u00ed 1.&nbsp;m\u00edsto 2.&nbsp;m\u00edsto 3.&nbsp;m\u00edsto 1.m\u00edsto 2.m\u00edsto 3.m\u00edsto Lukavice Bystr\u00e9 Ole\u0161nice v&nbsp;O.h. Ole\u0161nice u RK Houdkovice K\u0159ovice Opo\u010dno I Provoz Ohni\u0161ov Houdkovice T\u0159ebe\u0161ov Houdkovice T\u0159ebe\u0161ov Kvasiny &hellip;<br \/><a href=\"https:\/\/www.oshrychnov.cz\/mladez\/liga-mladeze\/liga-hasicske-mladeze-2018-2019\/\" class=\"more-link pen_button pen_element_default pen_icon_arrow_double\">Pokra\u010dovat ve\u00a0\u010dten\u00ed <span class=\"screen-reader-text\">Liga hasi\u010dsk\u00e9 ml\u00e1de\u017ee 2018 &#8211; 2019<\/span><\/a><\/p>\n","protected":false},"author":1,"featured_media":0,"parent":27,"menu_order":0,"comment_status":"closed","ping_status":"closed","template":"","meta":{"footnotes":""},"class_list":["post-320","page","type-page","status-publish","hentry"],"aioseo_notices":[],"_links":{"self":[{"href":"https:\/\/www.oshrychnov.cz\/mladez\/wp-json\/wp\/v2\/pages\/320","targetHints":{"allow":["GET"]}}],"collection":[{"href":"https:\/\/www.oshrychnov.cz\/mladez\/wp-json\/wp\/v2\/pages"}],"about":[{"href":"https:\/\/www.oshrychnov.cz\/mladez\/wp-json\/wp\/v2\/types\/page"}],"author":[{"embeddable":true,"href":"https:\/\/www.oshrychnov.cz\/mladez\/wp-json\/wp\/v2\/users\/1"}],"replies":[{"embeddable":true,"href":"https:\/\/www.oshrychnov.cz\/mladez\/wp-json\/wp\/v2\/comments?post=320"}],"version-history":[{"count":5,"href":"https:\/\/www.oshrychnov.cz\/mladez\/wp-json\/wp\/v2\/pages\/320\/revisions"}],"predecessor-version":[{"id":854,"href":"https:\/\/www.oshrychnov.cz\/mladez\/wp-json\/wp\/v2\/pages\/320\/revisions\/854"}],"up":[{"embeddable":true,"href":"https:\/\/www.oshrychnov.cz\/mladez\/wp-json\/wp\/v2\/pages\/27"}],"wp:attachment":[{"href":"https:\/\/www.oshrychnov.cz\/mladez\/wp-json\/wp\/v2\/media?parent=320"}],"curies":[{"name":"wp","href":"https:\/\/api.w.org\/{rel}","templated":true}]}}