{"id":165,"date":"2022-05-05T18:24:48","date_gmt":"2022-05-05T16:24:48","guid":{"rendered":"https:\/\/www.oshrychnov.cz\/mladez\/?page_id=165"},"modified":"2023-12-31T14:33:43","modified_gmt":"2023-12-31T13:33:43","slug":"financovani-cinnosti-kolektivu-mladeze","status":"publish","type":"page","link":"https:\/\/www.oshrychnov.cz\/mladez\/pro-vedouci\/financovani-cinnosti-kolektivu-mladeze\/","title":{"rendered":"Financov\u00e1n\u00ed \u010dinnosti kolektiv\u016f ml\u00e1de\u017ee"},"content":{"rendered":"<h3>\u00a0<a href=\"https:\/\/www.oshrychnov.cz\/mladez\/pro-vedouci\/\"><img loading=\"lazy\" decoding=\"async\" class=\"alignnone wp-image-148\" title=\"Sout\u011b\u017en\u00ed \u010dinnost\" src=\"https:\/\/www.oshrychnov.cz\/mladez\/wp-content\/uploads\/2022\/05\/download-icon-sporticon-1320195208765240116_512-300x300.png\" alt=\"\" width=\"120\" height=\"120\" srcset=\"https:\/\/www.oshrychnov.cz\/mladez\/wp-content\/uploads\/2022\/05\/download-icon-sporticon-1320195208765240116_512-300x300.png 300w, https:\/\/www.oshrychnov.cz\/mladez\/wp-content\/uploads\/2022\/05\/download-icon-sporticon-1320195208765240116_512-150x150.png 150w, https:\/\/www.oshrychnov.cz\/mladez\/wp-content\/uploads\/2022\/05\/download-icon-sporticon-1320195208765240116_512-225x225.png 225w, https:\/\/www.oshrychnov.cz\/mladez\/wp-content\/uploads\/2022\/05\/download-icon-sporticon-1320195208765240116_512.png 512w\" sizes=\"auto, (max-width: 120px) 100vw, 120px\" \/><\/a> \u00a0 \u00a0 \u00a0 <a href=\"https:\/\/www.oshrychnov.cz\/mladez\/pro-vedouci\/vzdelavani-vedoucich\/\"><img loading=\"lazy\" decoding=\"async\" class=\"alignnone wp-image-151\" title=\"Vzd\u011bl\u00e1v\u00e1n\u00ed vedouc\u00edch kolektiv\u016f ml\u00e1de\u017ee\" src=\"https:\/\/www.oshrychnov.cz\/mladez\/wp-content\/uploads\/2022\/05\/classroom-293x300.png\" alt=\"\" width=\"120\" height=\"123\" srcset=\"https:\/\/www.oshrychnov.cz\/mladez\/wp-content\/uploads\/2022\/05\/classroom-293x300.png 293w, https:\/\/www.oshrychnov.cz\/mladez\/wp-content\/uploads\/2022\/05\/classroom.png 500w\" sizes=\"auto, (max-width: 120px) 100vw, 120px\" \/><\/a> \u00a0\u00a0\u00a0\u00a0\u00a0 <a href=\"https:\/\/www.oshrychnov.cz\/mladez\/pro-vedouci\/pojisteni-kolektivu-mladeze\/\"><img loading=\"lazy\" decoding=\"async\" class=\"alignnone wp-image-150\" title=\"Poji\u0161t\u011bn\u00ed \u010dlen\u016f kolektiv\u016f ml\u00e1de\u017ee\" src=\"https:\/\/www.oshrychnov.cz\/mladez\/wp-content\/uploads\/2022\/05\/broken-arm-icon-20.png\" alt=\"\" width=\"120\" height=\"120\" srcset=\"https:\/\/www.oshrychnov.cz\/mladez\/wp-content\/uploads\/2022\/05\/broken-arm-icon-20.png 200w, https:\/\/www.oshrychnov.cz\/mladez\/wp-content\/uploads\/2022\/05\/broken-arm-icon-20-150x150.png 150w\" sizes=\"auto, (max-width: 120px) 100vw, 120px\" \/><\/a> \u00a0\u00a0\u00a0\u00a0\u00a0 <a href=\"https:\/\/www.oshrychnov.cz\/mladez\/pro-vedouci\/financovani-cinnosti-kolektivu-mladeze\/\"><img loading=\"lazy\" decoding=\"async\" class=\"alignnone wp-image-152\" title=\"Financov\u00e1n\u00ed \u010dinnosti kolektiv\u016f ml\u00e1de\u017ee\" src=\"https:\/\/www.oshrychnov.cz\/mladez\/wp-content\/uploads\/2022\/05\/430061b441c4fbf7f734dba2914ca8c5-286x300.png\" alt=\"\" width=\"120\" height=\"126\" srcset=\"https:\/\/www.oshrychnov.cz\/mladez\/wp-content\/uploads\/2022\/05\/430061b441c4fbf7f734dba2914ca8c5-286x300.png 286w, https:\/\/www.oshrychnov.cz\/mladez\/wp-content\/uploads\/2022\/05\/430061b441c4fbf7f734dba2914ca8c5-768x806.png 768w, https:\/\/www.oshrychnov.cz\/mladez\/wp-content\/uploads\/2022\/05\/430061b441c4fbf7f734dba2914ca8c5.png 934w\" sizes=\"auto, (max-width: 120px) 100vw, 120px\" \/><\/a><\/h3>\n<hr \/>\n<h3><strong><span style=\"color: #ff0000;\">Dota\u010dn\u00ed tituly<br \/>\n<\/span><\/strong><\/h3>\n<p>&nbsp;<\/p>\n<table style=\"width: 100%; border-collapse: collapse; border-color: #ffffff; height: 408px;\">\n<tbody>\n<tr style=\"height: 24px;\">\n<td style=\"width: 72.0606%; background-color: #ffffff; height: 24px;\"><strong>Kr\u00e1lov\u00e9hradeck\u00fd kraj<br \/>\n<\/strong><\/td>\n<td style=\"width: 27.9394%; background-color: #ffffff; height: 24px;\"><\/td>\n<\/tr>\n<tr style=\"height: 24px;\">\n<td style=\"width: 72.0606%; background-color: #ffffff; height: 24px;\"><a href=\"https:\/\/dotace.khk.cz\/grantProgram\/24RRD15\">Podpora Sdru\u017een\u00ed hasi\u010d\u016f \u010cech, Moravy a Slezska v&nbsp;Kr\u00e1lov\u00e9hradeck\u00e9m kraji<\/a><\/td>\n<td style=\"width: 27.9394%; background-color: #ffffff; height: 24px;\">10.1.2024<\/td>\n<\/tr>\n<tr style=\"height: 24px;\">\n<td style=\"width: 72.0606%; background-color: #ffffff; height: 24px;\"><\/td>\n<td style=\"width: 27.9394%; background-color: #ffffff; height: 24px;\"><\/td>\n<\/tr>\n<tr style=\"height: 24px;\">\n<td style=\"width: 72.0606%; background-color: #ffffff; height: 24px;\"><strong>N\u00e1rodn\u00ed sportovn\u00ed agentura &#8211; M\u016fj klub<br \/>\n<\/strong><\/td>\n<td style=\"width: 27.9394%; background-color: #ffffff; height: 24px;\"><\/td>\n<\/tr>\n<tr style=\"height: 24px;\">\n<td style=\"width: 72.0606%; background-color: #ffffff; height: 24px;\"><a href=\"https:\/\/nsa.gov.cz\/dotace-neinvesticni\/18-2023-muj-klub-2024\/\">M\u016fj klub 2024<\/a><\/td>\n<td style=\"width: 27.9394%; background-color: #ffffff; height: 24px;\">12.1.2024<\/td>\n<\/tr>\n<tr style=\"height: 24px;\">\n<td style=\"width: 72.0606%; background-color: #ffffff; height: 24px;\"><\/td>\n<td style=\"width: 27.9394%; background-color: #ffffff; height: 24px;\"><\/td>\n<\/tr>\n<tr style=\"height: 24px;\">\n<td style=\"width: 72.0606%; background-color: #ffffff; height: 24px;\"><strong>Nada\u010dn\u00ed fond \u0160koda Auto<br \/>\n<\/strong><\/td>\n<td style=\"width: 27.9394%; background-color: #ffffff; height: 24px;\"><\/td>\n<\/tr>\n<tr style=\"height: 24px;\">\n<td style=\"width: 72.0606%; background-color: #ffffff; height: 24px;\"><a href=\"https:\/\/www.nfsa.cz\/cs\/grantove-programy\/5\">Grantov\u00fd program &#8222;Na d\u011btech z\u00e1le\u017e\u00ed&#8220;<\/a><\/td>\n<td style=\"width: 27.9394%; background-color: #ffffff; height: 24px;\">moment\u00e1ln\u011b uzav\u0159eno<\/td>\n<\/tr>\n<tr style=\"height: 24px;\">\n<td style=\"width: 72.0606%; background-color: #ffffff; height: 24px;\"><\/td>\n<td style=\"width: 27.9394%; background-color: #ffffff; height: 24px;\"><\/td>\n<\/tr>\n<tr style=\"height: 24px;\">\n<td style=\"width: 72.0606%; background-color: #ffffff; height: 24px;\"><strong>Nadace Agrofert<br \/>\n<\/strong><\/td>\n<td style=\"width: 27.9394%; background-color: #ffffff; height: 24px;\"><\/td>\n<\/tr>\n<tr style=\"height: 24px;\">\n<td style=\"width: 72.0606%; background-color: #ffffff; height: 24px;\"><a href=\"https:\/\/www.nadace-agrofert.cz\/projekty\/hasici\">Hasi\u010dsk\u00fd fond Nadace Agrofert<\/a><\/td>\n<td style=\"width: 27.9394%; background-color: #ffffff; height: 24px;\"><\/td>\n<\/tr>\n<tr style=\"height: 24px;\">\n<td style=\"width: 72.0606%; background-color: #ffffff; height: 24px;\"><\/td>\n<td style=\"width: 27.9394%; background-color: #ffffff; height: 24px;\"><\/td>\n<\/tr>\n<tr style=\"height: 24px;\">\n<td style=\"width: 72.0606%; background-color: #ffffff; height: 24px;\"><strong>Nadace \u010cEZ<br \/>\n<\/strong><\/td>\n<td style=\"width: 27.9394%; background-color: #ffffff; height: 24px;\"><\/td>\n<\/tr>\n<tr style=\"border-color: #FFFFFF;\">\n<td style=\"width: 72.0606%; background-color: #ffffff; height: 24px;\"><a href=\"https:\/\/www.nadacecez.cz\/cs\/vyhlasovana-grantova-rizeni\/podpora-regionu-110046\">Podpora region\u016f<\/a><\/td>\n<td style=\"width: 27.9394%; background-color: #ffffff; height: 24px;\"><\/td>\n<\/tr>\n<tr style=\"height: 24px;\">\n<td style=\"width: 72.0606%; background-color: #ffffff; height: 24px;\"><\/td>\n<td style=\"width: 27.9394%; background-color: #ffffff; height: 24px;\"><\/td>\n<\/tr>\n<tr style=\"height: 24px;\">\n<td style=\"width: 72.0606%; background-color: #ffffff; height: 24px;\"><strong>M\u0160MT<\/strong><\/td>\n<td style=\"width: 27.9394%; background-color: #ffffff; height: 24px;\"><\/td>\n<\/tr>\n<tr style=\"height: 24px;\">\n<td style=\"width: 72.0606%; background-color: #ffffff; height: 24px;\"><a href=\"https:\/\/mladez.dh.cz\/index.php\/dotace\/mladez-mtz-va\">Dotace M\u0160MT<\/a><strong><br \/>\n<\/strong><\/td>\n<td style=\"width: 27.9394%; background-color: #ffffff; height: 24px;\"><\/td>\n<\/tr>\n<\/tbody>\n<\/table>\n<h3><span style=\"color: #ff0000;\"><strong>\u00a0<\/strong><\/span><\/h3>\n<p>&nbsp;<\/p>\n","protected":false},"excerpt":{"rendered":"<p>\u00a0 \u00a0 \u00a0 \u00a0 \u00a0\u00a0\u00a0\u00a0\u00a0 \u00a0\u00a0\u00a0\u00a0\u00a0 Dota\u010dn\u00ed tituly &nbsp; Kr\u00e1lov\u00e9hradeck\u00fd kraj Podpora Sdru\u017een\u00ed hasi\u010d\u016f \u010cech, Moravy a Slezska v&nbsp;Kr\u00e1lov\u00e9hradeck\u00e9m kraji 10.1.2024 N\u00e1rodn\u00ed sportovn\u00ed agentura &#8211; M\u016fj klub M\u016fj klub 2024 &hellip;<br \/><a href=\"https:\/\/www.oshrychnov.cz\/mladez\/pro-vedouci\/financovani-cinnosti-kolektivu-mladeze\/\" class=\"more-link pen_button pen_element_default pen_icon_arrow_double\">Pokra\u010dovat ve\u00a0\u010dten\u00ed <span class=\"screen-reader-text\">Financov\u00e1n\u00ed \u010dinnosti kolektiv\u016f ml\u00e1de\u017ee<\/span><\/a><\/p>\n","protected":false},"author":1,"featured_media":0,"parent":13,"menu_order":0,"comment_status":"closed","ping_status":"closed","template":"","meta":{"footnotes":""},"class_list":["post-165","page","type-page","status-publish","hentry"],"aioseo_notices":[],"_links":{"self":[{"href":"https:\/\/www.oshrychnov.cz\/mladez\/wp-json\/wp\/v2\/pages\/165","targetHints":{"allow":["GET"]}}],"collection":[{"href":"https:\/\/www.oshrychnov.cz\/mladez\/wp-json\/wp\/v2\/pages"}],"about":[{"href":"https:\/\/www.oshrychnov.cz\/mladez\/wp-json\/wp\/v2\/types\/page"}],"author":[{"embeddable":true,"href":"https:\/\/www.oshrychnov.cz\/mladez\/wp-json\/wp\/v2\/users\/1"}],"replies":[{"embeddable":true,"href":"https:\/\/www.oshrychnov.cz\/mladez\/wp-json\/wp\/v2\/comments?post=165"}],"version-history":[{"count":10,"href":"https:\/\/www.oshrychnov.cz\/mladez\/wp-json\/wp\/v2\/pages\/165\/revisions"}],"predecessor-version":[{"id":375,"href":"https:\/\/www.oshrychnov.cz\/mladez\/wp-json\/wp\/v2\/pages\/165\/revisions\/375"}],"up":[{"embeddable":true,"href":"https:\/\/www.oshrychnov.cz\/mladez\/wp-json\/wp\/v2\/pages\/13"}],"wp:attachment":[{"href":"https:\/\/www.oshrychnov.cz\/mladez\/wp-json\/wp\/v2\/media?parent=165"}],"curies":[{"name":"wp","href":"https:\/\/api.w.org\/{rel}","templated":true}]}}