{"id":163,"date":"2022-05-05T18:22:42","date_gmt":"2022-05-05T16:22:42","guid":{"rendered":"https:\/\/www.oshrychnov.cz\/mladez\/?page_id=163"},"modified":"2024-08-13T21:24:14","modified_gmt":"2024-08-13T19:24:14","slug":"pojisteni-kolektivu-mladeze","status":"publish","type":"page","link":"https:\/\/www.oshrychnov.cz\/mladez\/pro-vedouci\/pojisteni-kolektivu-mladeze\/","title":{"rendered":"Poji\u0161t\u011bn\u00ed kolektiv\u016f ml\u00e1de\u017ee"},"content":{"rendered":"<h3>\u00a0<a href=\"https:\/\/www.oshrychnov.cz\/mladez\/pro-vedouci\/\"><img loading=\"lazy\" decoding=\"async\" class=\"alignnone wp-image-148\" title=\"Sout\u011b\u017en\u00ed \u010dinnost\" src=\"https:\/\/www.oshrychnov.cz\/mladez\/wp-content\/uploads\/2022\/05\/download-icon-sporticon-1320195208765240116_512-300x300.png\" alt=\"\" width=\"120\" height=\"120\" srcset=\"https:\/\/www.oshrychnov.cz\/mladez\/wp-content\/uploads\/2022\/05\/download-icon-sporticon-1320195208765240116_512-300x300.png 300w, https:\/\/www.oshrychnov.cz\/mladez\/wp-content\/uploads\/2022\/05\/download-icon-sporticon-1320195208765240116_512-150x150.png 150w, https:\/\/www.oshrychnov.cz\/mladez\/wp-content\/uploads\/2022\/05\/download-icon-sporticon-1320195208765240116_512-225x225.png 225w, https:\/\/www.oshrychnov.cz\/mladez\/wp-content\/uploads\/2022\/05\/download-icon-sporticon-1320195208765240116_512.png 512w\" sizes=\"auto, (max-width: 120px) 100vw, 120px\" \/><\/a> \u00a0 \u00a0 \u00a0 <a href=\"https:\/\/www.oshrychnov.cz\/mladez\/pro-vedouci\/vzdelavani-vedoucich\/\"><img loading=\"lazy\" decoding=\"async\" class=\"alignnone wp-image-151\" title=\"Vzd\u011bl\u00e1v\u00e1n\u00ed vedouc\u00edch kolektiv\u016f ml\u00e1de\u017ee\" src=\"https:\/\/www.oshrychnov.cz\/mladez\/wp-content\/uploads\/2022\/05\/classroom-293x300.png\" alt=\"\" width=\"120\" height=\"123\" srcset=\"https:\/\/www.oshrychnov.cz\/mladez\/wp-content\/uploads\/2022\/05\/classroom-293x300.png 293w, https:\/\/www.oshrychnov.cz\/mladez\/wp-content\/uploads\/2022\/05\/classroom.png 500w\" sizes=\"auto, (max-width: 120px) 100vw, 120px\" \/><\/a> \u00a0\u00a0\u00a0\u00a0\u00a0 <a href=\"https:\/\/www.oshrychnov.cz\/mladez\/pro-vedouci\/pojisteni-kolektivu-mladeze\/\"><img loading=\"lazy\" decoding=\"async\" class=\"alignnone wp-image-150\" title=\"Poji\u0161t\u011bn\u00ed \u010dlen\u016f kolektiv\u016f ml\u00e1de\u017ee\" src=\"https:\/\/www.oshrychnov.cz\/mladez\/wp-content\/uploads\/2022\/05\/broken-arm-icon-20.png\" alt=\"\" width=\"120\" height=\"120\" srcset=\"https:\/\/www.oshrychnov.cz\/mladez\/wp-content\/uploads\/2022\/05\/broken-arm-icon-20.png 200w, https:\/\/www.oshrychnov.cz\/mladez\/wp-content\/uploads\/2022\/05\/broken-arm-icon-20-150x150.png 150w\" sizes=\"auto, (max-width: 120px) 100vw, 120px\" \/><\/a> \u00a0\u00a0\u00a0\u00a0\u00a0 <a href=\"https:\/\/www.oshrychnov.cz\/mladez\/pro-vedouci\/financovani-cinnosti-kolektivu-mladeze\/\"><img loading=\"lazy\" decoding=\"async\" class=\"alignnone wp-image-152\" title=\"Financov\u00e1n\u00ed \u010dinnosti kolektiv\u016f ml\u00e1de\u017ee\" src=\"https:\/\/www.oshrychnov.cz\/mladez\/wp-content\/uploads\/2022\/05\/430061b441c4fbf7f734dba2914ca8c5-286x300.png\" alt=\"\" width=\"120\" height=\"126\" srcset=\"https:\/\/www.oshrychnov.cz\/mladez\/wp-content\/uploads\/2022\/05\/430061b441c4fbf7f734dba2914ca8c5-286x300.png 286w, https:\/\/www.oshrychnov.cz\/mladez\/wp-content\/uploads\/2022\/05\/430061b441c4fbf7f734dba2914ca8c5-768x806.png 768w, https:\/\/www.oshrychnov.cz\/mladez\/wp-content\/uploads\/2022\/05\/430061b441c4fbf7f734dba2914ca8c5.png 934w\" sizes=\"auto, (max-width: 120px) 100vw, 120px\" \/><\/a><\/h3>\n<hr \/>\n<h3><span style=\"color: #ff0000;\"><strong>Mlad\u00ed hasi\u010di do 18 let<\/strong><\/span><\/h3>\n<table style=\"border-collapse: collapse; width: 100%; height: 494px;\">\n<tbody>\n<tr style=\"height: 24px;\">\n<td style=\"width: 50%; height: 24px;\"><strong>\u00darazy &#8211; volno\u010dasov\u00e9 aktivity, sch\u016fzky&#8230;<\/strong><\/td>\n<td style=\"width: 50%; height: 24px;\"><\/td>\n<\/tr>\n<tr style=\"height: 24px;\">\n<td style=\"width: 50%; height: 24px;\">\u00darazy vznikl\u00e9 od 1.1.2022<\/td>\n<td style=\"width: 50%; height: 24px;\"><\/td>\n<\/tr>\n<tr style=\"height: 31px;\">\n<td style=\"width: 50%; height: 31px;\">\u00a0&#8211; pojistn\u00e1 smlouva<\/td>\n<td style=\"width: 50%; height: 31px;\"><a href=\"https:\/\/www.oshrychnov.cz\/mladez\/wp-content\/uploads\/2022\/06\/pojisteni-CRDM-2022-2025-smlouva-uraz.pdf\"><img loading=\"lazy\" decoding=\"async\" class=\"alignnone wp-image-286\" src=\"https:\/\/www.oshrychnov.cz\/mladez\/wp-content\/uploads\/2022\/06\/logo_generali-300x254.png\" alt=\"\" width=\"30\" height=\"25\" srcset=\"https:\/\/www.oshrychnov.cz\/mladez\/wp-content\/uploads\/2022\/06\/logo_generali-300x254.png 300w, https:\/\/www.oshrychnov.cz\/mladez\/wp-content\/uploads\/2022\/06\/logo_generali-1024x866.png 1024w, https:\/\/www.oshrychnov.cz\/mladez\/wp-content\/uploads\/2022\/06\/logo_generali-768x650.png 768w, https:\/\/www.oshrychnov.cz\/mladez\/wp-content\/uploads\/2022\/06\/logo_generali.png 1300w\" sizes=\"auto, (max-width: 30px) 100vw, 30px\" \/><\/a><\/td>\n<\/tr>\n<tr style=\"height: 31px;\">\n<td style=\"width: 50%; height: 31px;\">\u00a0&#8211; formul\u00e1\u0159 ozn\u00e1men\u00ed \u00farazu<\/td>\n<td style=\"width: 50%; height: 31px;\"><a href=\"https:\/\/www.oshrychnov.cz\/mladez\/wp-content\/uploads\/2022\/06\/pojisteni-CRDM-2022-2025-oznameni-o-urazu-CRDM.pdf\"><img loading=\"lazy\" decoding=\"async\" class=\"alignnone wp-image-286\" src=\"https:\/\/www.oshrychnov.cz\/mladez\/wp-content\/uploads\/2022\/06\/logo_generali-300x254.png\" alt=\"\" width=\"30\" height=\"25\" srcset=\"https:\/\/www.oshrychnov.cz\/mladez\/wp-content\/uploads\/2022\/06\/logo_generali-300x254.png 300w, https:\/\/www.oshrychnov.cz\/mladez\/wp-content\/uploads\/2022\/06\/logo_generali-1024x866.png 1024w, https:\/\/www.oshrychnov.cz\/mladez\/wp-content\/uploads\/2022\/06\/logo_generali-768x650.png 768w, https:\/\/www.oshrychnov.cz\/mladez\/wp-content\/uploads\/2022\/06\/logo_generali.png 1300w\" sizes=\"auto, (max-width: 30px) 100vw, 30px\" \/><\/a><\/td>\n<\/tr>\n<tr style=\"height: 24px;\">\n<td style=\"width: 50%; height: 24px;\"><\/td>\n<td style=\"width: 50%; height: 24px;\"><\/td>\n<\/tr>\n<tr style=\"height: 24px;\">\n<td style=\"width: 50%; height: 24px;\"><span style=\"font-size: 10pt;\">\u00darazy vznikl\u00e9 do 31.12.2021<\/span><\/td>\n<td style=\"width: 50%; height: 24px;\"><\/td>\n<\/tr>\n<tr style=\"height: 24px;\">\n<td style=\"width: 50%; height: 24px;\">\u00a0&#8211; pojistn\u00e1 smlouva<\/td>\n<td style=\"width: 50%; height: 24px;\"><a href=\"https:\/\/www.oshrychnov.cz\/mladez\/wp-content\/uploads\/2022\/06\/pojisteni-CRDM-2018-2021-smlouva-uraz.pdf\"><img loading=\"lazy\" decoding=\"async\" class=\"alignnone wp-image-286\" src=\"https:\/\/www.oshrychnov.cz\/mladez\/wp-content\/uploads\/2022\/06\/logo_generali-300x254.png\" alt=\"\" width=\"30\" height=\"25\" srcset=\"https:\/\/www.oshrychnov.cz\/mladez\/wp-content\/uploads\/2022\/06\/logo_generali-300x254.png 300w, https:\/\/www.oshrychnov.cz\/mladez\/wp-content\/uploads\/2022\/06\/logo_generali-1024x866.png 1024w, https:\/\/www.oshrychnov.cz\/mladez\/wp-content\/uploads\/2022\/06\/logo_generali-768x650.png 768w, https:\/\/www.oshrychnov.cz\/mladez\/wp-content\/uploads\/2022\/06\/logo_generali.png 1300w\" sizes=\"auto, (max-width: 30px) 100vw, 30px\" \/><\/a><\/td>\n<\/tr>\n<tr style=\"height: 24px;\">\n<td style=\"width: 50%; height: 24px;\">\u00a0&#8211; pojistn\u00e9 podm\u00ednky<\/td>\n<td style=\"width: 50%; height: 24px;\"><a href=\"https:\/\/www.oshrychnov.cz\/mladez\/wp-content\/uploads\/2022\/06\/pojisteni-CRDM-2018-2021-info-VPP-uraz1.pdf\"><img loading=\"lazy\" decoding=\"async\" class=\"alignnone wp-image-286\" src=\"https:\/\/www.oshrychnov.cz\/mladez\/wp-content\/uploads\/2022\/06\/logo_generali-300x254.png\" alt=\"\" width=\"30\" height=\"25\" srcset=\"https:\/\/www.oshrychnov.cz\/mladez\/wp-content\/uploads\/2022\/06\/logo_generali-300x254.png 300w, https:\/\/www.oshrychnov.cz\/mladez\/wp-content\/uploads\/2022\/06\/logo_generali-1024x866.png 1024w, https:\/\/www.oshrychnov.cz\/mladez\/wp-content\/uploads\/2022\/06\/logo_generali-768x650.png 768w, https:\/\/www.oshrychnov.cz\/mladez\/wp-content\/uploads\/2022\/06\/logo_generali.png 1300w\" sizes=\"auto, (max-width: 30px) 100vw, 30px\" \/><\/a><\/td>\n<\/tr>\n<tr style=\"height: 24px;\">\n<td style=\"width: 50%; height: 24px;\">\u00a0&#8211; formul\u00e1\u0159 ozn\u00e1men\u00ed \u00farazu<\/td>\n<td style=\"width: 50%; height: 24px;\"><a href=\"https:\/\/www.oshrychnov.cz\/mladez\/wp-content\/uploads\/2022\/06\/pojisteni-CRDM-2018-2021-oznameni-urazu.pdf\"><img loading=\"lazy\" decoding=\"async\" class=\"alignnone wp-image-286\" src=\"https:\/\/www.oshrychnov.cz\/mladez\/wp-content\/uploads\/2022\/06\/logo_generali-300x254.png\" alt=\"\" width=\"30\" height=\"25\" srcset=\"https:\/\/www.oshrychnov.cz\/mladez\/wp-content\/uploads\/2022\/06\/logo_generali-300x254.png 300w, https:\/\/www.oshrychnov.cz\/mladez\/wp-content\/uploads\/2022\/06\/logo_generali-1024x866.png 1024w, https:\/\/www.oshrychnov.cz\/mladez\/wp-content\/uploads\/2022\/06\/logo_generali-768x650.png 768w, https:\/\/www.oshrychnov.cz\/mladez\/wp-content\/uploads\/2022\/06\/logo_generali.png 1300w\" sizes=\"auto, (max-width: 30px) 100vw, 30px\" \/><\/a><\/td>\n<\/tr>\n<tr style=\"height: 24px;\">\n<td style=\"width: 50%; height: 24px;\"><\/td>\n<td style=\"width: 50%; height: 24px;\"><\/td>\n<\/tr>\n<tr style=\"height: 24px;\">\n<td style=\"width: 50%; height: 24px;\"><strong>\u00darazy &#8211; sportovn\u00ed sout\u011b\u017ee, tr\u00e9ninky<\/strong><\/td>\n<td style=\"width: 50%; height: 24px;\"><\/td>\n<\/tr>\n<tr style=\"height: 24px;\">\n<td style=\"width: 50%; height: 24px;\">\u00a0&#8211; rozsah poji\u0161t\u011bn\u00ed<\/td>\n<td style=\"width: 50%; height: 24px;\"><a href=\"https:\/\/www.oshrychnov.cz\/mladez\/wp-content\/uploads\/2022\/06\/Rozsah_urazoveho_pojisteni_smlouvy_c1310001770.pdf\"><img loading=\"lazy\" decoding=\"async\" class=\"alignnone wp-image-285\" src=\"https:\/\/www.oshrychnov.cz\/mladez\/wp-content\/uploads\/2022\/06\/logo_vzp-300x222.jpg\" alt=\"\" width=\"37\" height=\"27\" srcset=\"https:\/\/www.oshrychnov.cz\/mladez\/wp-content\/uploads\/2022\/06\/logo_vzp-300x222.jpg 300w, https:\/\/www.oshrychnov.cz\/mladez\/wp-content\/uploads\/2022\/06\/logo_vzp-1024x759.jpg 1024w, https:\/\/www.oshrychnov.cz\/mladez\/wp-content\/uploads\/2022\/06\/logo_vzp-768x569.jpg 768w, https:\/\/www.oshrychnov.cz\/mladez\/wp-content\/uploads\/2022\/06\/logo_vzp-1536x1138.jpg 1536w, https:\/\/www.oshrychnov.cz\/mladez\/wp-content\/uploads\/2022\/06\/logo_vzp.jpg 1889w\" sizes=\"auto, (max-width: 37px) 100vw, 37px\" \/><\/a><\/td>\n<\/tr>\n<tr style=\"height: 24px;\">\n<td style=\"width: 50%; height: 24px;\">\u00a0&#8211; pojistn\u00e1 smlouva<\/td>\n<td style=\"width: 50%; height: 24px;\"><a href=\"https:\/\/www.oshrychnov.cz\/mladez\/wp-content\/uploads\/2022\/06\/Pojistna_smlouva_c_1310001770.pdf\"><img loading=\"lazy\" decoding=\"async\" class=\"alignnone wp-image-285\" src=\"https:\/\/www.oshrychnov.cz\/mladez\/wp-content\/uploads\/2022\/06\/logo_vzp-300x222.jpg\" alt=\"\" width=\"37\" height=\"27\" srcset=\"https:\/\/www.oshrychnov.cz\/mladez\/wp-content\/uploads\/2022\/06\/logo_vzp-300x222.jpg 300w, https:\/\/www.oshrychnov.cz\/mladez\/wp-content\/uploads\/2022\/06\/logo_vzp-1024x759.jpg 1024w, https:\/\/www.oshrychnov.cz\/mladez\/wp-content\/uploads\/2022\/06\/logo_vzp-768x569.jpg 768w, https:\/\/www.oshrychnov.cz\/mladez\/wp-content\/uploads\/2022\/06\/logo_vzp-1536x1138.jpg 1536w, https:\/\/www.oshrychnov.cz\/mladez\/wp-content\/uploads\/2022\/06\/logo_vzp.jpg 1889w\" sizes=\"auto, (max-width: 37px) 100vw, 37px\" \/><\/a><\/td>\n<\/tr>\n<tr style=\"height: 24px;\">\n<td style=\"width: 50%; height: 24px;\">\u00a0&#8211; dodatek \u010d. 1 k&nbsp;pojistn\u00e9 smlouv\u011b<\/td>\n<td style=\"width: 50%; height: 24px;\"><a href=\"https:\/\/www.oshrychnov.cz\/mladez\/wp-content\/uploads\/2022\/06\/Dodatek_c_1_k_pojistne_smlouve__c1310001770.pdf\"><img loading=\"lazy\" decoding=\"async\" class=\"alignnone wp-image-285\" src=\"https:\/\/www.oshrychnov.cz\/mladez\/wp-content\/uploads\/2022\/06\/logo_vzp-300x222.jpg\" alt=\"\" width=\"37\" height=\"27\" srcset=\"https:\/\/www.oshrychnov.cz\/mladez\/wp-content\/uploads\/2022\/06\/logo_vzp-300x222.jpg 300w, https:\/\/www.oshrychnov.cz\/mladez\/wp-content\/uploads\/2022\/06\/logo_vzp-1024x759.jpg 1024w, https:\/\/www.oshrychnov.cz\/mladez\/wp-content\/uploads\/2022\/06\/logo_vzp-768x569.jpg 768w, https:\/\/www.oshrychnov.cz\/mladez\/wp-content\/uploads\/2022\/06\/logo_vzp-1536x1138.jpg 1536w, https:\/\/www.oshrychnov.cz\/mladez\/wp-content\/uploads\/2022\/06\/logo_vzp.jpg 1889w\" sizes=\"auto, (max-width: 37px) 100vw, 37px\" \/><\/a><\/td>\n<\/tr>\n<tr style=\"height: 24px;\">\n<td style=\"width: 50%; height: 24px;\">\u00a0&#8211; podm\u00ednky \u00farazov\u00e9ho poji\u0161t\u011bn\u00ed<\/td>\n<td style=\"width: 50%; height: 24px;\"><a href=\"https:\/\/www.oshrychnov.cz\/mladez\/wp-content\/uploads\/2022\/06\/Pojistne_podminky_uraz_COV_2018.pdf\"><img loading=\"lazy\" decoding=\"async\" class=\"alignnone wp-image-285\" src=\"https:\/\/www.oshrychnov.cz\/mladez\/wp-content\/uploads\/2022\/06\/logo_vzp-300x222.jpg\" alt=\"\" width=\"37\" height=\"27\" srcset=\"https:\/\/www.oshrychnov.cz\/mladez\/wp-content\/uploads\/2022\/06\/logo_vzp-300x222.jpg 300w, https:\/\/www.oshrychnov.cz\/mladez\/wp-content\/uploads\/2022\/06\/logo_vzp-1024x759.jpg 1024w, https:\/\/www.oshrychnov.cz\/mladez\/wp-content\/uploads\/2022\/06\/logo_vzp-768x569.jpg 768w, https:\/\/www.oshrychnov.cz\/mladez\/wp-content\/uploads\/2022\/06\/logo_vzp-1536x1138.jpg 1536w, https:\/\/www.oshrychnov.cz\/mladez\/wp-content\/uploads\/2022\/06\/logo_vzp.jpg 1889w\" sizes=\"auto, (max-width: 37px) 100vw, 37px\" \/><\/a><\/td>\n<\/tr>\n<tr style=\"height: 24px;\">\n<td style=\"width: 50%; height: 24px;\">\u00a0&#8211; ozn\u00e1men\u00ed \u0161kodn\u00ed ud\u00e1losti<\/td>\n<td style=\"width: 50%; height: 24px;\"><a href=\"https:\/\/www.oshrychnov.cz\/mladez\/wp-content\/uploads\/2022\/06\/Oznameni_skodni_udalosti_kolektivni_urazove_pojisteni.pdf\"><img loading=\"lazy\" decoding=\"async\" class=\"alignnone wp-image-285\" src=\"https:\/\/www.oshrychnov.cz\/mladez\/wp-content\/uploads\/2022\/06\/logo_vzp-300x222.jpg\" alt=\"\" width=\"37\" height=\"27\" srcset=\"https:\/\/www.oshrychnov.cz\/mladez\/wp-content\/uploads\/2022\/06\/logo_vzp-300x222.jpg 300w, https:\/\/www.oshrychnov.cz\/mladez\/wp-content\/uploads\/2022\/06\/logo_vzp-1024x759.jpg 1024w, https:\/\/www.oshrychnov.cz\/mladez\/wp-content\/uploads\/2022\/06\/logo_vzp-768x569.jpg 768w, https:\/\/www.oshrychnov.cz\/mladez\/wp-content\/uploads\/2022\/06\/logo_vzp-1536x1138.jpg 1536w, https:\/\/www.oshrychnov.cz\/mladez\/wp-content\/uploads\/2022\/06\/logo_vzp.jpg 1889w\" sizes=\"auto, (max-width: 37px) 100vw, 37px\" \/><\/a><\/td>\n<\/tr>\n<tr>\n<td style=\"width: 50%;\"><\/td>\n<td style=\"width: 50%;\"><\/td>\n<\/tr>\n<tr>\n<td style=\"width: 50%;\"><a href=\"https:\/\/www.sporty-cz.cz\/pro-svazy\/pojisteni-odpovednosti-treneru\/\"><strong><span style=\"color: #ff0000;\">Poji\u0161t\u011bn\u00ed odpov\u011bdnosti tren\u00e9r\u016f<\/span><\/strong><\/a><\/td>\n<td style=\"width: 50%;\"><\/td>\n<\/tr>\n<\/tbody>\n<\/table>\n","protected":false},"excerpt":{"rendered":"<p>\u00a0 \u00a0 \u00a0 \u00a0 \u00a0\u00a0\u00a0\u00a0\u00a0 \u00a0\u00a0\u00a0\u00a0\u00a0 Mlad\u00ed hasi\u010di do 18 let \u00darazy &#8211; volno\u010dasov\u00e9 aktivity, sch\u016fzky&#8230; \u00darazy vznikl\u00e9 od 1.1.2022 \u00a0&#8211; pojistn\u00e1 smlouva \u00a0&#8211; formul\u00e1\u0159 ozn\u00e1men\u00ed \u00farazu \u00darazy vznikl\u00e9 do &hellip;<br \/><a href=\"https:\/\/www.oshrychnov.cz\/mladez\/pro-vedouci\/pojisteni-kolektivu-mladeze\/\" class=\"more-link pen_button pen_element_default pen_icon_arrow_double\">Pokra\u010dovat ve\u00a0\u010dten\u00ed <span class=\"screen-reader-text\">Poji\u0161t\u011bn\u00ed kolektiv\u016f ml\u00e1de\u017ee<\/span><\/a><\/p>\n","protected":false},"author":1,"featured_media":0,"parent":13,"menu_order":0,"comment_status":"closed","ping_status":"closed","template":"","meta":{"footnotes":""},"class_list":["post-163","page","type-page","status-publish","hentry"],"aioseo_notices":[],"_links":{"self":[{"href":"https:\/\/www.oshrychnov.cz\/mladez\/wp-json\/wp\/v2\/pages\/163","targetHints":{"allow":["GET"]}}],"collection":[{"href":"https:\/\/www.oshrychnov.cz\/mladez\/wp-json\/wp\/v2\/pages"}],"about":[{"href":"https:\/\/www.oshrychnov.cz\/mladez\/wp-json\/wp\/v2\/types\/page"}],"author":[{"embeddable":true,"href":"https:\/\/www.oshrychnov.cz\/mladez\/wp-json\/wp\/v2\/users\/1"}],"replies":[{"embeddable":true,"href":"https:\/\/www.oshrychnov.cz\/mladez\/wp-json\/wp\/v2\/comments?post=163"}],"version-history":[{"count":11,"href":"https:\/\/www.oshrychnov.cz\/mladez\/wp-json\/wp\/v2\/pages\/163\/revisions"}],"predecessor-version":[{"id":765,"href":"https:\/\/www.oshrychnov.cz\/mladez\/wp-json\/wp\/v2\/pages\/163\/revisions\/765"}],"up":[{"embeddable":true,"href":"https:\/\/www.oshrychnov.cz\/mladez\/wp-json\/wp\/v2\/pages\/13"}],"wp:attachment":[{"href":"https:\/\/www.oshrychnov.cz\/mladez\/wp-json\/wp\/v2\/media?parent=163"}],"curies":[{"name":"wp","href":"https:\/\/api.w.org\/{rel}","templated":true}]}}