{"id":161,"date":"2022-05-05T18:21:14","date_gmt":"2022-05-05T16:21:14","guid":{"rendered":"https:\/\/www.oshrychnov.cz\/mladez\/?page_id=161"},"modified":"2024-08-14T08:35:35","modified_gmt":"2024-08-14T06:35:35","slug":"vzdelavani-vedoucich","status":"publish","type":"page","link":"https:\/\/www.oshrychnov.cz\/mladez\/pro-vedouci\/vzdelavani-vedoucich\/","title":{"rendered":"Vzd\u011bl\u00e1v\u00e1n\u00ed vedouc\u00edch"},"content":{"rendered":"<h3>\u00a0<a href=\"https:\/\/www.oshrychnov.cz\/mladez\/pro-vedouci\/\"><img loading=\"lazy\" decoding=\"async\" class=\"alignnone wp-image-148\" title=\"Sout\u011b\u017en\u00ed \u010dinnost\" src=\"https:\/\/www.oshrychnov.cz\/mladez\/wp-content\/uploads\/2022\/05\/download-icon-sporticon-1320195208765240116_512-300x300.png\" alt=\"\" width=\"120\" height=\"120\" srcset=\"https:\/\/www.oshrychnov.cz\/mladez\/wp-content\/uploads\/2022\/05\/download-icon-sporticon-1320195208765240116_512-300x300.png 300w, https:\/\/www.oshrychnov.cz\/mladez\/wp-content\/uploads\/2022\/05\/download-icon-sporticon-1320195208765240116_512-150x150.png 150w, https:\/\/www.oshrychnov.cz\/mladez\/wp-content\/uploads\/2022\/05\/download-icon-sporticon-1320195208765240116_512-225x225.png 225w, https:\/\/www.oshrychnov.cz\/mladez\/wp-content\/uploads\/2022\/05\/download-icon-sporticon-1320195208765240116_512.png 512w\" sizes=\"auto, (max-width: 120px) 100vw, 120px\" \/><\/a> \u00a0 \u00a0 \u00a0 <a href=\"https:\/\/www.oshrychnov.cz\/mladez\/pro-vedouci\/vzdelavani-vedoucich\/\"><img loading=\"lazy\" decoding=\"async\" class=\"alignnone wp-image-151\" title=\"Vzd\u011bl\u00e1v\u00e1n\u00ed vedouc\u00edch kolektiv\u016f ml\u00e1de\u017ee\" src=\"https:\/\/www.oshrychnov.cz\/mladez\/wp-content\/uploads\/2022\/05\/classroom-293x300.png\" alt=\"\" width=\"120\" height=\"123\" srcset=\"https:\/\/www.oshrychnov.cz\/mladez\/wp-content\/uploads\/2022\/05\/classroom-293x300.png 293w, https:\/\/www.oshrychnov.cz\/mladez\/wp-content\/uploads\/2022\/05\/classroom.png 500w\" sizes=\"auto, (max-width: 120px) 100vw, 120px\" \/><\/a> \u00a0\u00a0\u00a0\u00a0\u00a0 <a href=\"https:\/\/www.oshrychnov.cz\/mladez\/pro-vedouci\/pojisteni-kolektivu-mladeze\/\"><img loading=\"lazy\" decoding=\"async\" class=\"alignnone wp-image-150\" title=\"Poji\u0161t\u011bn\u00ed \u010dlen\u016f kolektiv\u016f ml\u00e1de\u017ee\" src=\"https:\/\/www.oshrychnov.cz\/mladez\/wp-content\/uploads\/2022\/05\/broken-arm-icon-20.png\" alt=\"\" width=\"120\" height=\"120\" srcset=\"https:\/\/www.oshrychnov.cz\/mladez\/wp-content\/uploads\/2022\/05\/broken-arm-icon-20.png 200w, https:\/\/www.oshrychnov.cz\/mladez\/wp-content\/uploads\/2022\/05\/broken-arm-icon-20-150x150.png 150w\" sizes=\"auto, (max-width: 120px) 100vw, 120px\" \/><\/a> \u00a0\u00a0\u00a0\u00a0\u00a0 <a href=\"https:\/\/www.oshrychnov.cz\/mladez\/pro-vedouci\/financovani-cinnosti-kolektivu-mladeze\/\"><img loading=\"lazy\" decoding=\"async\" class=\"alignnone wp-image-152\" title=\"Financov\u00e1n\u00ed \u010dinnosti kolektiv\u016f ml\u00e1de\u017ee\" src=\"https:\/\/www.oshrychnov.cz\/mladez\/wp-content\/uploads\/2022\/05\/430061b441c4fbf7f734dba2914ca8c5-286x300.png\" alt=\"\" width=\"120\" height=\"126\" srcset=\"https:\/\/www.oshrychnov.cz\/mladez\/wp-content\/uploads\/2022\/05\/430061b441c4fbf7f734dba2914ca8c5-286x300.png 286w, https:\/\/www.oshrychnov.cz\/mladez\/wp-content\/uploads\/2022\/05\/430061b441c4fbf7f734dba2914ca8c5-768x806.png 768w, https:\/\/www.oshrychnov.cz\/mladez\/wp-content\/uploads\/2022\/05\/430061b441c4fbf7f734dba2914ca8c5.png 934w\" sizes=\"auto, (max-width: 120px) 100vw, 120px\" \/><\/a><\/h3>\n<hr \/>\n<h3><strong><span style=\"color: #ff0000;\">Vzd\u011bl\u00e1n\u00ed vedouc\u00edch a instruktor\u016f<br \/>\n<\/span><\/strong><\/h3>\n<table style=\"border-collapse: collapse; width: 100%;\">\n<tbody>\n<tr>\n<td style=\"width: 50%;\">Platn\u00e9 kvalifikace vedouc\u00edch (stav k&nbsp;14.8.2024)<\/td>\n<td style=\"width: 50%;\"><a href=\"https:\/\/www.oshrychnov.cz\/mladez\/wp-content\/uploads\/2024\/08\/kvalifikovanivedouci_srpen24-1.pdf\"><img loading=\"lazy\" decoding=\"async\" class=\"alignnone wp-image-92\" title=\"Heslo k otev\u0159en\u00ed dokumentu si vy\u017e\u00e1dejte na mailu michal.dusilek@post.cz\" src=\"https:\/\/www.oshrychnov.cz\/mladez\/wp-content\/uploads\/2022\/04\/pdf2-242x300.png\" alt=\"\" width=\"30\" height=\"37\" \/><\/a><\/td>\n<\/tr>\n<\/tbody>\n<\/table>\n<p>&nbsp;<\/p>\n<table style=\"width: 100%; border-collapse: collapse; border-color: #ffffff; height: 358px;\">\n<tbody>\n<tr style=\"height: 24px;\">\n<td style=\"width: 72.0606%; background-color: #ffffff; height: 24px;\"><strong>Letn\u00ed \u0161koly instruktor\u016f 2024<br \/>\n<\/strong><\/td>\n<td style=\"width: 27.9394%; background-color: #ffffff; height: 24px;\"><\/td>\n<\/tr>\n<tr style=\"height: 24px;\">\n<td style=\"width: 72.0606%; background-color: #ffffff; height: 24px;\"><\/td>\n<td style=\"width: 27.9394%; background-color: #ffffff; height: 24px;\"><\/td>\n<\/tr>\n<tr style=\"height: 24px;\">\n<td style=\"width: 72.0606%; background-color: #ffffff; height: 24px;\">J\u00e1nsk\u00e9 Koupele (20.7. &#8211; 3.8.2024)<\/td>\n<td style=\"width: 27.9394%; background-color: #ffffff; height: 24px;\"><\/td>\n<\/tr>\n<tr style=\"height: 43px;\">\n<td style=\"width: 72.0606%; background-color: #ffffff; height: 43px;\">\u00a0&#8211; organiza\u010dn\u00ed pokyny<\/td>\n<td style=\"width: 27.9394%; background-color: #ffffff; height: 43px;\"><\/td>\n<\/tr>\n<tr style=\"height: 27px;\">\n<td style=\"width: 72.0606%; background-color: #ffffff; height: 27px;\">\u00a0&#8211; prezentace<\/td>\n<td style=\"width: 27.9394%; background-color: #ffffff; height: 27px;\"><\/td>\n<\/tr>\n<tr style=\"height: 24px;\">\n<td style=\"width: 72.0606%; background-color: #ffffff; height: 24px;\"><\/td>\n<td style=\"width: 27.9394%; background-color: #ffffff; height: 24px;\"><\/td>\n<\/tr>\n<tr style=\"height: 24px;\">\n<td style=\"width: 72.0606%; background-color: #ffffff; height: 24px;\">Mal\u00e9 Svato\u0148ovice (6. &#8211; 20.7.2024)<\/td>\n<td style=\"width: 27.9394%; background-color: #ffffff; height: 24px;\"><\/td>\n<\/tr>\n<tr style=\"height: 24px;\">\n<td style=\"width: 72.0606%; background-color: #ffffff; height: 24px;\">\u00a0&#8211; organiza\u010dn\u00ed pokyny<\/td>\n<td style=\"width: 27.9394%; background-color: #ffffff; height: 24px;\"><\/td>\n<\/tr>\n<tr style=\"height: 24px;\">\n<td style=\"width: 72.0606%; background-color: #ffffff; height: 24px;\">\u00a0&#8211; prezentace<\/td>\n<td style=\"width: 27.9394%; background-color: #ffffff; height: 24px;\"><\/td>\n<\/tr>\n<tr style=\"height: 24px;\">\n<td style=\"width: 72.0606%; background-color: #ffffff; height: 24px;\"><\/td>\n<td style=\"width: 27.9394%; background-color: #ffffff; height: 24px;\"><\/td>\n<\/tr>\n<tr style=\"height: 24px;\">\n<td style=\"width: 72.0606%; background-color: #ffffff; height: 24px;\"><strong>Vzd\u011bl\u00e1vac\u00ed port\u00e1l SH \u010cMS<\/strong><\/td>\n<td style=\"width: 27.9394%; background-color: #ffffff; height: 24px;\"><\/td>\n<\/tr>\n<tr style=\"height: 24px;\">\n<td style=\"width: 72.0606%; background-color: #ffffff; height: 24px;\"><a href=\"https:\/\/www.vzdelavani-dh.cz\/publicCourse?id=68\">Vedouc\u00ed mlad\u00fdch hasi\u010d\u016f a instrukto\u0159i<\/a><\/td>\n<td style=\"width: 27.9394%; background-color: #ffffff; height: 24px;\"><\/td>\n<\/tr>\n<tr style=\"height: 24px;\">\n<td style=\"width: 72.0606%; background-color: #ffffff; height: 24px;\"><a href=\"https:\/\/www.vzdelavani-dh.cz\/publicCourse?id=69\">Propaga\u010dn\u00ed video \u00faseku ml\u00e1de\u017ee<\/a><\/td>\n<td style=\"width: 27.9394%; background-color: #ffffff; height: 24px;\"><\/td>\n<\/tr>\n<tr style=\"border-color: #FFFFFF;\">\n<td style=\"width: 72.0606%; background-color: #ffffff; height: 24px;\"><\/td>\n<td style=\"width: 27.9394%; background-color: #ffffff; height: 24px;\"><\/td>\n<\/tr>\n<\/tbody>\n<\/table>\n<h3><span style=\"color: #ff0000;\"><strong>\u00a0<\/strong><\/span><\/h3>\n<p>&nbsp;<\/p>\n","protected":false},"excerpt":{"rendered":"<p>\u00a0 \u00a0 \u00a0 \u00a0 \u00a0\u00a0\u00a0\u00a0\u00a0 \u00a0\u00a0\u00a0\u00a0\u00a0 Vzd\u011bl\u00e1n\u00ed vedouc\u00edch a instruktor\u016f Platn\u00e9 kvalifikace vedouc\u00edch (stav k&nbsp;14.8.2024) &nbsp; Letn\u00ed \u0161koly instruktor\u016f 2024 J\u00e1nsk\u00e9 Koupele (20.7. &#8211; 3.8.2024) \u00a0&#8211; organiza\u010dn\u00ed pokyny \u00a0&#8211; prezentace &hellip;<br \/><a href=\"https:\/\/www.oshrychnov.cz\/mladez\/pro-vedouci\/vzdelavani-vedoucich\/\" class=\"more-link pen_button pen_element_default pen_icon_arrow_double\">Pokra\u010dovat ve\u00a0\u010dten\u00ed <span class=\"screen-reader-text\">Vzd\u011bl\u00e1v\u00e1n\u00ed vedouc\u00edch<\/span><\/a><\/p>\n","protected":false},"author":1,"featured_media":0,"parent":13,"menu_order":0,"comment_status":"closed","ping_status":"closed","template":"","meta":{"footnotes":""},"class_list":["post-161","page","type-page","status-publish","hentry"],"aioseo_notices":[],"_links":{"self":[{"href":"https:\/\/www.oshrychnov.cz\/mladez\/wp-json\/wp\/v2\/pages\/161","targetHints":{"allow":["GET"]}}],"collection":[{"href":"https:\/\/www.oshrychnov.cz\/mladez\/wp-json\/wp\/v2\/pages"}],"about":[{"href":"https:\/\/www.oshrychnov.cz\/mladez\/wp-json\/wp\/v2\/types\/page"}],"author":[{"embeddable":true,"href":"https:\/\/www.oshrychnov.cz\/mladez\/wp-json\/wp\/v2\/users\/1"}],"replies":[{"embeddable":true,"href":"https:\/\/www.oshrychnov.cz\/mladez\/wp-json\/wp\/v2\/comments?post=161"}],"version-history":[{"count":10,"href":"https:\/\/www.oshrychnov.cz\/mladez\/wp-json\/wp\/v2\/pages\/161\/revisions"}],"predecessor-version":[{"id":910,"href":"https:\/\/www.oshrychnov.cz\/mladez\/wp-json\/wp\/v2\/pages\/161\/revisions\/910"}],"up":[{"embeddable":true,"href":"https:\/\/www.oshrychnov.cz\/mladez\/wp-json\/wp\/v2\/pages\/13"}],"wp:attachment":[{"href":"https:\/\/www.oshrychnov.cz\/mladez\/wp-json\/wp\/v2\/media?parent=161"}],"curies":[{"name":"wp","href":"https:\/\/api.w.org\/{rel}","templated":true}]}}